{"id":2308,"date":"2022-12-11T12:30:59","date_gmt":"2022-12-11T11:30:59","guid":{"rendered":"https:\/\/contraktlaser.arestate.pl\/szkla-ochronne-do-glowic-laserowych\/"},"modified":"2024-11-19T01:24:48","modified_gmt":"2024-11-19T00:24:48","slug":"schutzglas-fur-laserkopfe","status":"publish","type":"page","link":"https:\/\/www.contrakt-materials.com.pl\/de\/schutzglas-fur-laserkopfe\/","title":{"rendered":"Schutzglas f\u00fcr Laserk\u00f6pfe"},"content":{"rendered":"\n<div style=\"height:96px\" aria-hidden=\"true\" class=\"wp-block-spacer\"><\/div>\n\n<div class=\"wp-block-cover alignfull is-light\" style=\"min-height:50px;aspect-ratio:unset;\"><span aria-hidden=\"true\" class=\"wp-block-cover__background has-background-dim-0 has-background-dim\"><\/span><img loading=\"lazy\" decoding=\"async\" width=\"1440\" height=\"337\" class=\"wp-block-cover__image-background wp-image-1811\" alt=\"szkla\" src=\"https:\/\/contrakt-materials.com.pl\/wp-content\/uploads\/2022\/12\/szkla-1.jpg\" data-object-fit=\"cover\" srcset=\"https:\/\/www.contrakt-materials.com.pl\/wp-content\/uploads\/2022\/12\/szkla-1.jpg 1440w, https:\/\/www.contrakt-materials.com.pl\/wp-content\/uploads\/2022\/12\/szkla-1-300x70.jpg 300w, https:\/\/www.contrakt-materials.com.pl\/wp-content\/uploads\/2022\/12\/szkla-1-1024x240.jpg 1024w, https:\/\/www.contrakt-materials.com.pl\/wp-content\/uploads\/2022\/12\/szkla-1-768x180.jpg 768w, https:\/\/www.contrakt-materials.com.pl\/wp-content\/uploads\/2022\/12\/szkla-1-600x140.jpg 600w\" sizes=\"auto, (max-width: 1440px) 100vw, 1440px\" \/><div class=\"wp-block-cover__inner-container is-layout-flow wp-block-cover-is-layout-flow\">\n<div style=\"height:80px\" aria-hidden=\"true\" class=\"wp-block-spacer\"><\/div>\n\n\n\n<h1 class=\"wp-block-heading has-ast-global-color-5-color has-text-color\">Schutzglas f\u00fcr Laserk\u00f6pfe<\/h1>\n\n\n\n<div style=\"height:80px\" aria-hidden=\"true\" class=\"wp-block-spacer\"><\/div>\n<\/div><\/div>\n\n<div class=\"inherit-container-width wp-block-group is-layout-constrained wp-container-core-group-is-layout-3ff4357d wp-block-group-is-layout-constrained\" style=\"margin-top:0px;margin-bottom:0px;padding-right:0px;padding-left:0px\"><div class=\"wp-block-group__inner-container\">\n<div class=\"wp-block-columns is-layout-flex wp-container-core-columns-is-layout-28f84493 wp-block-columns-is-layout-flex\">\n<div class=\"wp-block-column pt0 is-layout-flow wp-block-column-is-layout-flow\" style=\"padding-top:44px\">\n<p class=\"has-ast-global-color-1-color has-text-color has-medium-font-size\">Unser Angebot umfasst Schutzglas f\u00fcr Faser-, Scheiben- und Diodenlaser, die breites Band der Laserstrahldurchl\u00e4ssigkeit (\u00fcber 99,5%) f\u00fcr Wellenl\u00e4ngen im Bereich von 900 &#8211; 1080 nm (f\u00fcr den Prozessstrahl) und 600 &#8211; 700 nm (f\u00fcr Qualit\u00e4tskontrollsysteme) gew\u00e4hrleisten.<\/p>\n\n\n\n<p class=\"has-ast-global-color-1-color has-text-color has-medium-font-size\">Unsere Produkte arbeiten in Lasern zum Schneiden, Schwei\u00dfen, <a href=\"https:\/\/contrakt-materials.com.pl\/hartowanie-laserowe\/\" title=\"Laserh\u00c3\u00a4rten\">Laserh\u00e4rten<\/a>, und sogar Beschichten, deren Leistung oft 12 kW erreicht. <\/p>\n\n\n\n<ol start=\"2\" style=\"list-style-type:1\" class=\"wp-block-list\">\n<li><\/li>\n<\/ol>\n\n\n\n<p class=\"has-ast-global-color-1-color has-text-color has-medium-font-size\">Wir haben etwa 6.000 Schutzgl\u00e4ser in unserem Lager in Katowice, und die Lieferzeit liegt im Bereich von 24 bis 48 Stunden.<\/p>\n\n\n\n<p><\/p>\n<\/div>\n\n\n\n<div class=\"wp-block-column padd-norm has-background is-layout-flow wp-block-column-is-layout-flow\" style=\"background-color:#f4f4f4;padding-top:44px;padding-right:54px;padding-bottom:44px;padding-left:54px\">\n<p class=\"has-ast-global-color-1-color has-text-color has-medium-font-size\">Das von uns angebotene Glas kann in Maschinen aller Hersteller eingesetzt werden, wie zum Beispiel:<\/p>\n\n\n\n<ul style=\"margin-left:28px;font-style:normal;font-weight:500\" class=\"wp-block-list has-ast-global-color-0-color has-text-color has-medium-font-size\">\n<li><a href=\"https:\/\/www.trumpf.com\/pl_PL\/\" title=\"Trumpf\">Trumpf<\/a>,<\/li>\n\n\n\n<li><a href=\"https:\/\/www.amada.eu\/pl-pl\/\" title=\"Amada,\">Amada,<\/a><\/li>\n\n\n\n<li><a href=\"https:\/\/www.bystronic.com\/pol\/pl\" title=\"Bystronic,\">Bystronic,<\/a><\/li>\n\n\n\n<li>Highyag,<\/li>\n\n\n\n<li>Scansonic,<\/li>\n\n\n\n<li>Optoscan,<\/li>\n\n\n\n<li><a href=\"https:\/\/www.blackbird-robotics.de\/#\" title=\"Blackbird\">Blackbird<\/a>,<\/li>\n\n\n\n<li><a href=\"https:\/\/www.lasermech.com\/\" title=\"LaserMech\">LaserMech<\/a>,<\/li>\n\n\n\n<li>und viele mehr.<\/li>\n<\/ul>\n<\/div>\n<\/div>\n<\/div><\/div>\n\n<div class=\"wp-block-cover alignfull is-light\" style=\"min-height:50px;aspect-ratio:unset;\"><span aria-hidden=\"true\" class=\"wp-block-cover__background has-background-dim-0 has-background-dim\"><\/span><img loading=\"lazy\" decoding=\"async\" width=\"1438\" height=\"322\" class=\"wp-block-cover__image-background wp-image-1817\" alt=\"bg\" src=\"https:\/\/contrakt-materials.com.pl\/wp-content\/uploads\/2022\/12\/group-89-1-1.jpg\" data-object-fit=\"cover\" srcset=\"https:\/\/www.contrakt-materials.com.pl\/wp-content\/uploads\/2022\/12\/group-89-1-1.jpg 1438w, https:\/\/www.contrakt-materials.com.pl\/wp-content\/uploads\/2022\/12\/group-89-1-1-300x67.jpg 300w, https:\/\/www.contrakt-materials.com.pl\/wp-content\/uploads\/2022\/12\/group-89-1-1-1024x229.jpg 1024w, https:\/\/www.contrakt-materials.com.pl\/wp-content\/uploads\/2022\/12\/group-89-1-1-768x172.jpg 768w, https:\/\/www.contrakt-materials.com.pl\/wp-content\/uploads\/2022\/12\/group-89-1-1-600x134.jpg 600w\" sizes=\"auto, (max-width: 1438px) 100vw, 1438px\" \/><div class=\"wp-block-cover__inner-container is-layout-flow wp-block-cover-is-layout-flow\">\n<div style=\"height:110px\" aria-hidden=\"true\" class=\"wp-block-spacer\"><\/div>\n\n\n\n<p class=\"has-ast-global-color-1-color has-text-color has-medium-font-size\" style=\"font-style:normal;font-weight:500\">Zu unseren Kunden z\u00e4hlen Unternehmen aus der Automobilindustrie (OEM, Tier 1, Tier 2), Energie-, Maschinenbau- und Bahnindustrie. In unserem Lager in Katowice haben wir 6.000 Schutzgl\u00e4ser, daher sichern wir den Versand innerhalb von zwei Werktagen.<\/p>\n\n\n\n<div style=\"height:110px\" aria-hidden=\"true\" class=\"wp-block-spacer\"><\/div>\n<\/div><\/div>\n\n<div class=\"wp-block-cover alignfull is-light\" style=\"padding-top:44px;padding-bottom:30px;min-height:50px;aspect-ratio:unset;\"><span aria-hidden=\"true\" class=\"wp-block-cover__background has-background-dim-100 has-background-dim\" style=\"background-color:#f4f4f4\"><\/span><div class=\"wp-block-cover__inner-container is-layout-flow wp-block-cover-is-layout-flow\">\n<div class=\"wp-block-columns is-layout-flex wp-container-core-columns-is-layout-28f84493 wp-block-columns-is-layout-flex\">\n<div class=\"wp-block-column is-layout-flow wp-block-column-is-layout-flow\">\n<p class=\"has-ast-global-color-1-color has-text-color has-medium-font-size\" style=\"padding-bottom:30px;font-style:normal;font-weight:500\">Ausgew\u00e4hlte Glasgr\u00f6\u00dfen aus unserem Angebot:<\/p>\n\n\n\n<figure class=\"wp-block-image size-full\"><img loading=\"lazy\" decoding=\"async\" width=\"598\" height=\"631\" src=\"https:\/\/contrakt-materials.com.pl\/wp-content\/uploads\/2022\/12\/tabela.png\" alt=\"tabela\" class=\"wp-image-1821\" srcset=\"https:\/\/www.contrakt-materials.com.pl\/wp-content\/uploads\/2022\/12\/tabela.png 598w, https:\/\/www.contrakt-materials.com.pl\/wp-content\/uploads\/2022\/12\/tabela-284x300.png 284w\" sizes=\"auto, (max-width: 598px) 100vw, 598px\" \/><\/figure>\n<\/div>\n\n\n\n<div class=\"wp-block-column is-layout-flow wp-block-column-is-layout-flow\">\n<p class=\"has-ast-global-color-1-color has-text-color has-medium-font-size\" style=\"padding-bottom:0px;font-style:normal;font-weight:500\">Eine exemplarische Permeabilit\u00e4tskurve unterschiedlicher Wellenl\u00e4nge, ausgedr\u00fcckt in Prozent:<\/p>\n\n\n\n<figure class=\"wp-block-image size-full\"><img loading=\"lazy\" decoding=\"async\" width=\"613\" height=\"374\" src=\"https:\/\/contrakt-materials.com.pl\/wp-content\/uploads\/2022\/12\/wykres-3.png\" alt=\"wykres\" class=\"wp-image-1825\" srcset=\"https:\/\/www.contrakt-materials.com.pl\/wp-content\/uploads\/2022\/12\/wykres-3.png 613w, https:\/\/www.contrakt-materials.com.pl\/wp-content\/uploads\/2022\/12\/wykres-3-300x183.png 300w, https:\/\/www.contrakt-materials.com.pl\/wp-content\/uploads\/2022\/12\/wykres-3-600x366.png 600w\" sizes=\"auto, (max-width: 613px) 100vw, 613px\" \/><\/figure>\n<\/div>\n<\/div>\n<\/div><\/div>\n","protected":false},"excerpt":{"rendered":"<p>Unser Angebot umfasst Schutzglas f\u00fcr Faser-, Scheiben- und Diodenlaser, die breites Band der Laserstrahldurchl\u00e4ssigkeit (\u00fcber 99,5%) f\u00fcr Wellenl\u00e4ngen im Bereich von 900 &#8211; 1080 nm (f\u00fcr den Prozessstrahl) und 600 &#8211; 700 nm (f\u00fcr Qualit\u00e4tskontrollsysteme) gew\u00e4hrleisten. Unsere Produkte arbeiten in Lasern zum Schneiden, Schwei\u00dfen, Laserh\u00e4rten, und sogar Beschichten, deren Leistung oft 12 kW erreicht. Wir [&hellip;]<\/p>\n","protected":false},"author":3,"featured_media":0,"parent":0,"menu_order":0,"comment_status":"closed","ping_status":"closed","template":"","meta":{"site-sidebar-layout":"no-sidebar","site-content-layout":"plain-container","ast-site-content-layout":"normal-width-container","site-content-style":"unboxed","site-sidebar-style":"unboxed","ast-global-header-display":"","ast-banner-title-visibility":"","ast-main-header-display":"","ast-hfb-above-header-display":"","ast-hfb-below-header-display":"","ast-hfb-mobile-header-display":"","site-post-title":"disabled","ast-breadcrumbs-content":"","ast-featured-img":"disabled","footer-sml-layout":"","theme-transparent-header-meta":"enabled","adv-header-id-meta":"","stick-header-meta":"","header-above-stick-meta":"","header-main-stick-meta":"","header-below-stick-meta":"","astra-migrate-meta-layouts":"set","ast-page-background-enabled":"default","ast-page-background-meta":{"desktop":{"background-color":"","background-image":"","background-repeat":"repeat","background-position":"center center","background-size":"auto","background-attachment":"scroll","background-type":"","background-media":"","overlay-type":"","overlay-color":"","overlay-opacity":"","overlay-gradient":""},"tablet":{"background-color":"","background-image":"","background-repeat":"repeat","background-position":"center center","background-size":"auto","background-attachment":"scroll","background-type":"","background-media":"","overlay-type":"","overlay-color":"","overlay-opacity":"","overlay-gradient":""},"mobile":{"background-color":"","background-image":"","background-repeat":"repeat","background-position":"center center","background-size":"auto","background-attachment":"scroll","background-type":"","background-media":"","overlay-type":"","overlay-color":"","overlay-opacity":"","overlay-gradient":""}},"ast-content-background-meta":{"desktop":{"background-color":"var(--ast-global-color-5)","background-image":"","background-repeat":"repeat","background-position":"center center","background-size":"auto","background-attachment":"scroll","background-type":"","background-media":"","overlay-type":"","overlay-color":"","overlay-opacity":"","overlay-gradient":""},"tablet":{"background-color":"var(--ast-global-color-5)","background-image":"","background-repeat":"repeat","background-position":"center center","background-size":"auto","background-attachment":"scroll","background-type":"","background-media":"","overlay-type":"","overlay-color":"","overlay-opacity":"","overlay-gradient":""},"mobile":{"background-color":"var(--ast-global-color-5)","background-image":"","background-repeat":"repeat","background-position":"center center","background-size":"auto","background-attachment":"scroll","background-type":"","background-media":"","overlay-type":"","overlay-color":"","overlay-opacity":"","overlay-gradient":""}},"footnotes":""},"class_list":["post-2308","page","type-page","status-publish","hentry"],"yoast_head":"<!-- This site is optimized with the Yoast SEO plugin v23.5 - https:\/\/yoast.com\/wordpress\/plugins\/seo\/ -->\n<title>Schutzglas f\u00fcr Laserk\u00f6pfe -<\/title>\n<meta name=\"description\" content=\"Schutzgl\u00e4ser f\u00fcr Laser und Laserk\u00f6pfe - die fortschrittliche Forschungsmethoden wie chemische und spektrale Analysen einsetzen, erf\u00fcllt jede Produktcharge strenge Qualit\u00e4tsanforderungen.\" \/>\n<meta name=\"robots\" content=\"index, follow, max-snippet:-1, max-image-preview:large, max-video-preview:-1\" \/>\n<link rel=\"canonical\" href=\"https:\/\/www.contrakt-materials.com.pl\/de\/schutzglas-fur-laserkopfe\/\" \/>\n<meta property=\"og:locale\" content=\"de_DE\" \/>\n<meta property=\"og:type\" content=\"article\" \/>\n<meta property=\"og:title\" content=\"Schutzglas f\u00fcr Laserk\u00f6pfe -\" \/>\n<meta property=\"og:description\" content=\"Schutzgl\u00e4ser f\u00fcr Laser und Laserk\u00f6pfe - die fortschrittliche Forschungsmethoden wie chemische und spektrale Analysen einsetzen, erf\u00fcllt jede Produktcharge strenge Qualit\u00e4tsanforderungen.\" \/>\n<meta property=\"og:url\" content=\"https:\/\/www.contrakt-materials.com.pl\/de\/schutzglas-fur-laserkopfe\/\" \/>\n<meta property=\"article:publisher\" content=\"https:\/\/www.facebook.com\/contrakt.katowice\" \/>\n<meta property=\"article:modified_time\" content=\"2024-11-19T00:24:48+00:00\" \/>\n<meta property=\"og:image\" content=\"https:\/\/www.contrakt-materials.com.pl\/wp-content\/uploads\/2022\/12\/szkla-1.jpg\" \/>\n<meta name=\"twitter:card\" content=\"summary_large_image\" \/>\n<meta name=\"twitter:label1\" content=\"Gesch\u00e4tzte Lesezeit\" \/>\n\t<meta name=\"twitter:data1\" content=\"4\u00a0Minuten\" \/>\n<script type=\"application\/ld+json\" class=\"yoast-schema-graph\">{\"@context\":\"https:\/\/schema.org\",\"@graph\":[{\"@type\":\"WebPage\",\"@id\":\"https:\/\/www.contrakt-materials.com.pl\/de\/schutzglas-fur-laserkopfe\/\",\"url\":\"https:\/\/www.contrakt-materials.com.pl\/de\/schutzglas-fur-laserkopfe\/\",\"name\":\"Schutzglas f\u00fcr Laserk\u00f6pfe -\",\"isPartOf\":{\"@id\":\"https:\/\/www.contrakt-materials.com.pl\/de\/#website\"},\"primaryImageOfPage\":{\"@id\":\"https:\/\/www.contrakt-materials.com.pl\/de\/schutzglas-fur-laserkopfe\/#primaryimage\"},\"image\":{\"@id\":\"https:\/\/www.contrakt-materials.com.pl\/de\/schutzglas-fur-laserkopfe\/#primaryimage\"},\"thumbnailUrl\":\"https:\/\/contrakt-materials.com.pl\/wp-content\/uploads\/2022\/12\/szkla-1.jpg\",\"datePublished\":\"2022-12-11T11:30:59+00:00\",\"dateModified\":\"2024-11-19T00:24:48+00:00\",\"description\":\"Schutzgl\u00e4ser f\u00fcr Laser und Laserk\u00f6pfe - die fortschrittliche Forschungsmethoden wie chemische und spektrale Analysen einsetzen, erf\u00fcllt jede Produktcharge strenge Qualit\u00e4tsanforderungen.\",\"breadcrumb\":{\"@id\":\"https:\/\/www.contrakt-materials.com.pl\/de\/schutzglas-fur-laserkopfe\/#breadcrumb\"},\"inLanguage\":\"de\",\"potentialAction\":[{\"@type\":\"ReadAction\",\"target\":[\"https:\/\/www.contrakt-materials.com.pl\/de\/schutzglas-fur-laserkopfe\/\"]}]},{\"@type\":\"ImageObject\",\"inLanguage\":\"de\",\"@id\":\"https:\/\/www.contrakt-materials.com.pl\/de\/schutzglas-fur-laserkopfe\/#primaryimage\",\"url\":\"https:\/\/contrakt-materials.com.pl\/wp-content\/uploads\/2022\/12\/szkla-1.jpg\",\"contentUrl\":\"https:\/\/contrakt-materials.com.pl\/wp-content\/uploads\/2022\/12\/szkla-1.jpg\"},{\"@type\":\"BreadcrumbList\",\"@id\":\"https:\/\/www.contrakt-materials.com.pl\/de\/schutzglas-fur-laserkopfe\/#breadcrumb\",\"itemListElement\":[{\"@type\":\"ListItem\",\"position\":1,\"name\":\"Strona g\u0142\u00f3wna\",\"item\":\"https:\/\/www.contrakt-materials.com.pl\/de\/\"},{\"@type\":\"ListItem\",\"position\":2,\"name\":\"Schutzglas f\u00fcr Laserk\u00f6pfe\"}]},{\"@type\":\"WebSite\",\"@id\":\"https:\/\/www.contrakt-materials.com.pl\/de\/#website\",\"url\":\"https:\/\/www.contrakt-materials.com.pl\/de\/\",\"name\":\"Szk\u0142a ochronne do laser\u00f3w\",\"description\":\"\",\"publisher\":{\"@id\":\"https:\/\/www.contrakt-materials.com.pl\/de\/#organization\"},\"alternateName\":\"Szk\u0142a ochronne do g\u0142owic laserowych\",\"inLanguage\":\"de\"},{\"@type\":\"Organization\",\"@id\":\"https:\/\/www.contrakt-materials.com.pl\/de\/#organization\",\"name\":\"CONTRAKT-MATERIALS\",\"alternateName\":\"Syk\u0142a ochronne do g\u0142owic laserowych\",\"url\":\"https:\/\/www.contrakt-materials.com.pl\/de\/\",\"logo\":{\"@type\":\"ImageObject\",\"inLanguage\":\"de\",\"@id\":\"https:\/\/www.contrakt-materials.com.pl\/de\/#\/schema\/logo\/image\/\",\"url\":\"https:\/\/www.contrakt-materials.com.pl\/wp-content\/uploads\/2022\/11\/cropped-cropped-contrakt-logo.png\",\"contentUrl\":\"https:\/\/www.contrakt-materials.com.pl\/wp-content\/uploads\/2022\/11\/cropped-cropped-contrakt-logo.png\",\"width\":96,\"height\":55,\"caption\":\"CONTRAKT-MATERIALS\"},\"image\":{\"@id\":\"https:\/\/www.contrakt-materials.com.pl\/de\/#\/schema\/logo\/image\/\"},\"sameAs\":[\"https:\/\/www.facebook.com\/contrakt.katowice\"]}]}<\/script>\n<!-- \/ Yoast SEO plugin. -->","yoast_head_json":{"title":"Schutzglas f\u00fcr Laserk\u00f6pfe -","description":"Schutzgl\u00e4ser f\u00fcr Laser und Laserk\u00f6pfe - die fortschrittliche Forschungsmethoden wie chemische und spektrale Analysen einsetzen, erf\u00fcllt jede Produktcharge strenge Qualit\u00e4tsanforderungen.","robots":{"index":"index","follow":"follow","max-snippet":"max-snippet:-1","max-image-preview":"max-image-preview:large","max-video-preview":"max-video-preview:-1"},"canonical":"https:\/\/www.contrakt-materials.com.pl\/de\/schutzglas-fur-laserkopfe\/","og_locale":"de_DE","og_type":"article","og_title":"Schutzglas f\u00fcr Laserk\u00f6pfe -","og_description":"Schutzgl\u00e4ser f\u00fcr Laser und Laserk\u00f6pfe - die fortschrittliche Forschungsmethoden wie chemische und spektrale Analysen einsetzen, erf\u00fcllt jede Produktcharge strenge Qualit\u00e4tsanforderungen.","og_url":"https:\/\/www.contrakt-materials.com.pl\/de\/schutzglas-fur-laserkopfe\/","article_publisher":"https:\/\/www.facebook.com\/contrakt.katowice","article_modified_time":"2024-11-19T00:24:48+00:00","og_image":[{"url":"https:\/\/www.contrakt-materials.com.pl\/wp-content\/uploads\/2022\/12\/szkla-1.jpg"}],"twitter_card":"summary_large_image","twitter_misc":{"Gesch\u00e4tzte Lesezeit":"4\u00a0Minuten"},"schema":{"@context":"https:\/\/schema.org","@graph":[{"@type":"WebPage","@id":"https:\/\/www.contrakt-materials.com.pl\/de\/schutzglas-fur-laserkopfe\/","url":"https:\/\/www.contrakt-materials.com.pl\/de\/schutzglas-fur-laserkopfe\/","name":"Schutzglas f\u00fcr Laserk\u00f6pfe -","isPartOf":{"@id":"https:\/\/www.contrakt-materials.com.pl\/de\/#website"},"primaryImageOfPage":{"@id":"https:\/\/www.contrakt-materials.com.pl\/de\/schutzglas-fur-laserkopfe\/#primaryimage"},"image":{"@id":"https:\/\/www.contrakt-materials.com.pl\/de\/schutzglas-fur-laserkopfe\/#primaryimage"},"thumbnailUrl":"https:\/\/contrakt-materials.com.pl\/wp-content\/uploads\/2022\/12\/szkla-1.jpg","datePublished":"2022-12-11T11:30:59+00:00","dateModified":"2024-11-19T00:24:48+00:00","description":"Schutzgl\u00e4ser f\u00fcr Laser und Laserk\u00f6pfe - die fortschrittliche Forschungsmethoden wie chemische und spektrale Analysen einsetzen, erf\u00fcllt jede Produktcharge strenge Qualit\u00e4tsanforderungen.","breadcrumb":{"@id":"https:\/\/www.contrakt-materials.com.pl\/de\/schutzglas-fur-laserkopfe\/#breadcrumb"},"inLanguage":"de","potentialAction":[{"@type":"ReadAction","target":["https:\/\/www.contrakt-materials.com.pl\/de\/schutzglas-fur-laserkopfe\/"]}]},{"@type":"ImageObject","inLanguage":"de","@id":"https:\/\/www.contrakt-materials.com.pl\/de\/schutzglas-fur-laserkopfe\/#primaryimage","url":"https:\/\/contrakt-materials.com.pl\/wp-content\/uploads\/2022\/12\/szkla-1.jpg","contentUrl":"https:\/\/contrakt-materials.com.pl\/wp-content\/uploads\/2022\/12\/szkla-1.jpg"},{"@type":"BreadcrumbList","@id":"https:\/\/www.contrakt-materials.com.pl\/de\/schutzglas-fur-laserkopfe\/#breadcrumb","itemListElement":[{"@type":"ListItem","position":1,"name":"Strona g\u0142\u00f3wna","item":"https:\/\/www.contrakt-materials.com.pl\/de\/"},{"@type":"ListItem","position":2,"name":"Schutzglas f\u00fcr Laserk\u00f6pfe"}]},{"@type":"WebSite","@id":"https:\/\/www.contrakt-materials.com.pl\/de\/#website","url":"https:\/\/www.contrakt-materials.com.pl\/de\/","name":"Szk\u0142a ochronne do laser\u00f3w","description":"","publisher":{"@id":"https:\/\/www.contrakt-materials.com.pl\/de\/#organization"},"alternateName":"Szk\u0142a ochronne do g\u0142owic laserowych","inLanguage":"de"},{"@type":"Organization","@id":"https:\/\/www.contrakt-materials.com.pl\/de\/#organization","name":"CONTRAKT-MATERIALS","alternateName":"Syk\u0142a ochronne do g\u0142owic laserowych","url":"https:\/\/www.contrakt-materials.com.pl\/de\/","logo":{"@type":"ImageObject","inLanguage":"de","@id":"https:\/\/www.contrakt-materials.com.pl\/de\/#\/schema\/logo\/image\/","url":"https:\/\/www.contrakt-materials.com.pl\/wp-content\/uploads\/2022\/11\/cropped-cropped-contrakt-logo.png","contentUrl":"https:\/\/www.contrakt-materials.com.pl\/wp-content\/uploads\/2022\/11\/cropped-cropped-contrakt-logo.png","width":96,"height":55,"caption":"CONTRAKT-MATERIALS"},"image":{"@id":"https:\/\/www.contrakt-materials.com.pl\/de\/#\/schema\/logo\/image\/"},"sameAs":["https:\/\/www.facebook.com\/contrakt.katowice"]}]}},"_links":{"self":[{"href":"https:\/\/www.contrakt-materials.com.pl\/de\/wp-json\/wp\/v2\/pages\/2308","targetHints":{"allow":["GET"]}}],"collection":[{"href":"https:\/\/www.contrakt-materials.com.pl\/de\/wp-json\/wp\/v2\/pages"}],"about":[{"href":"https:\/\/www.contrakt-materials.com.pl\/de\/wp-json\/wp\/v2\/types\/page"}],"author":[{"embeddable":true,"href":"https:\/\/www.contrakt-materials.com.pl\/de\/wp-json\/wp\/v2\/users\/3"}],"replies":[{"embeddable":true,"href":"https:\/\/www.contrakt-materials.com.pl\/de\/wp-json\/wp\/v2\/comments?post=2308"}],"version-history":[{"count":4,"href":"https:\/\/www.contrakt-materials.com.pl\/de\/wp-json\/wp\/v2\/pages\/2308\/revisions"}],"predecessor-version":[{"id":3232,"href":"https:\/\/www.contrakt-materials.com.pl\/de\/wp-json\/wp\/v2\/pages\/2308\/revisions\/3232"}],"wp:attachment":[{"href":"https:\/\/www.contrakt-materials.com.pl\/de\/wp-json\/wp\/v2\/media?parent=2308"}],"curies":[{"name":"wp","href":"https:\/\/api.w.org\/{rel}","templated":true}]}}