{"id":2325,"date":"2023-01-09T19:00:36","date_gmt":"2023-01-09T18:00:36","guid":{"rendered":"https:\/\/contraktlaser.arestate.pl\/ciecie-laserowe-i-giecie-na-prasach\/"},"modified":"2023-01-20T15:56:45","modified_gmt":"2023-01-20T14:56:45","slug":"ciecie-laserowe-i-giecie-na-prasach","status":"publish","type":"page","link":"https:\/\/www.contrakt-materials.com.pl\/de\/ciecie-laserowe-i-giecie-na-prasach\/","title":{"rendered":"Ci\u0119cie laserowe i gi\u0119cie na prasach"},"content":{"rendered":"\n<div style=\"height:96px\" aria-hidden=\"true\" class=\"wp-block-spacer\"><\/div>\n\n<div class=\"wp-block-cover alignfull\" style=\"min-height:50px;aspect-ratio:unset;\"><span aria-hidden=\"true\" class=\"wp-block-cover__background has-background-dim-0 has-background-dim\"><\/span><img loading=\"lazy\" decoding=\"async\" width=\"1440\" height=\"337\" class=\"wp-block-cover__image-background wp-image-1994\" alt=\"Ci\u0119cie\" src=\"https:\/\/www.contrakt-materials.com.pl\/wp-content\/uploads\/2023\/01\/ciecie-1.jpg\" data-object-fit=\"cover\" srcset=\"https:\/\/www.contrakt-materials.com.pl\/wp-content\/uploads\/2023\/01\/ciecie-1.jpg 1440w, https:\/\/www.contrakt-materials.com.pl\/wp-content\/uploads\/2023\/01\/ciecie-1-300x70.jpg 300w, https:\/\/www.contrakt-materials.com.pl\/wp-content\/uploads\/2023\/01\/ciecie-1-1024x240.jpg 1024w, https:\/\/www.contrakt-materials.com.pl\/wp-content\/uploads\/2023\/01\/ciecie-1-768x180.jpg 768w\" sizes=\"auto, (max-width: 1440px) 100vw, 1440px\" \/><div class=\"wp-block-cover__inner-container is-layout-flow wp-block-cover-is-layout-flow\">\n<div style=\"height:80px\" aria-hidden=\"true\" class=\"wp-block-spacer\"><\/div>\n\n\n\n<h1 class=\"has-ast-global-color-5-color has-text-color wp-block-heading\">Ci\u0119cie laserowe i gi\u0119cie na prasach<\/h1>\n\n\n\n<div style=\"height:80px\" aria-hidden=\"true\" class=\"wp-block-spacer\"><\/div>\n<\/div><\/div>\n\n<div class=\"inherit-container-width wp-block-group is-layout-constrained wp-container-core-group-is-layout-3ff4357d wp-block-group-is-layout-constrained\" style=\"margin-top:0px;margin-bottom:0px;padding-right:0px;padding-left:0px\"><div class=\"wp-block-group__inner-container\">\n<div class=\"wp-block-columns is-layout-flex wp-container-core-columns-is-layout-28f84493 wp-block-columns-is-layout-flex\">\n<div class=\"wp-block-column padd-norm has-background is-layout-flow wp-block-column-is-layout-flow\" style=\"background-color:#f4f4f4;padding-top:44px;padding-right:54px;padding-bottom:44px;padding-left:54px\">\n<p class=\"has-ast-global-color-1-color has-text-color has-medium-font-size\">Laserowe Ci\u0119cie Blach<\/p>\n\n\n\n<ul class=\"has-ast-global-color-0-color has-text-color wp-block-list\" style=\"margin-left:28px;font-size:16px;font-style:normal;font-weight:500\">\n<li>mo\u017cliwo\u015b\u0107 obr\u00f3bki blach o rozmiarach 1500x3000mm<\/li>\n\n\n\n<li>dok\u0142adno\u015b\u0107 i precyzja<\/li>\n\n\n\n<li>ci\u0119cie stali czarnej, nierdzewnej, aluminium, miedzi, mosi\u0105dzu<\/li>\n\n\n\n<li>mo\u017cliwo\u015b\u0107 obr\u00f3bki materia\u0142u powierzonego<\/li>\n<\/ul>\n<\/div>\n\n\n\n<div class=\"wp-block-column padd-norm has-background is-layout-flow wp-block-column-is-layout-flow\" style=\"background-color:#f4f4f4;padding-top:44px;padding-right:54px;padding-bottom:44px;padding-left:54px\">\n<p class=\"has-ast-global-color-1-color has-text-color has-medium-font-size\">Gi\u0119cie stali<\/p>\n\n\n\n<ul class=\"has-ast-global-color-0-color has-text-color wp-block-list\" style=\"margin-left:28px;font-size:16px;font-style:normal;font-weight:500\">\n<li>d\u0142ugo\u015b\u0107 kraw\u0119dzi gi\u0119cia 3100mm<\/li>\n\n\n\n<li>kompensacja strza\u0142ki ugi\u0119cia<\/li>\n\n\n\n<li>mo\u017cliwo\u015b\u0107 gi\u0119cia skomplikowanych i wysokich detali przestrzennych<\/li>\n\n\n\n<li>maksymalny nacisk 200 ton<\/li>\n<\/ul>\n<\/div>\n<\/div>\n<\/div><\/div>\n","protected":false},"excerpt":{"rendered":"<p>Laserowe Ci\u0119cie Blach Gi\u0119cie stali<\/p>\n","protected":false},"author":3,"featured_media":0,"parent":0,"menu_order":0,"comment_status":"closed","ping_status":"closed","template":"","meta":{"site-sidebar-layout":"no-sidebar","site-content-layout":"plain-container","ast-site-content-layout":"","site-content-style":"default","site-sidebar-style":"default","ast-global-header-display":"","ast-banner-title-visibility":"","ast-main-header-display":"","ast-hfb-above-header-display":"","ast-hfb-below-header-display":"","ast-hfb-mobile-header-display":"","site-post-title":"disabled","ast-breadcrumbs-content":"","ast-featured-img":"disabled","footer-sml-layout":"","theme-transparent-header-meta":"enabled","adv-header-id-meta":"","stick-header-meta":"","header-above-stick-meta":"","header-main-stick-meta":"","header-below-stick-meta":"","astra-migrate-meta-layouts":"default","ast-page-background-enabled":"default","ast-page-background-meta":{"desktop":{"background-color":"","background-image":"","background-repeat":"repeat","background-position":"center center","background-size":"auto","background-attachment":"scroll","background-type":"","background-media":"","overlay-type":"","overlay-color":"","overlay-opacity":"","overlay-gradient":""},"tablet":{"background-color":"","background-image":"","background-repeat":"repeat","background-position":"center center","background-size":"auto","background-attachment":"scroll","background-type":"","background-media":"","overlay-type":"","overlay-color":"","overlay-opacity":"","overlay-gradient":""},"mobile":{"background-color":"","background-image":"","background-repeat":"repeat","background-position":"center center","background-size":"auto","background-attachment":"scroll","background-type":"","background-media":"","overlay-type":"","overlay-color":"","overlay-opacity":"","overlay-gradient":""}},"ast-content-background-meta":{"desktop":{"background-color":"var(--ast-global-color-5)","background-image":"","background-repeat":"repeat","background-position":"center center","background-size":"auto","background-attachment":"scroll","background-type":"","background-media":"","overlay-type":"","overlay-color":"","overlay-opacity":"","overlay-gradient":""},"tablet":{"background-color":"var(--ast-global-color-5)","background-image":"","background-repeat":"repeat","background-position":"center center","background-size":"auto","background-attachment":"scroll","background-type":"","background-media":"","overlay-type":"","overlay-color":"","overlay-opacity":"","overlay-gradient":""},"mobile":{"background-color":"var(--ast-global-color-5)","background-image":"","background-repeat":"repeat","background-position":"center center","background-size":"auto","background-attachment":"scroll","background-type":"","background-media":"","overlay-type":"","overlay-color":"","overlay-opacity":"","overlay-gradient":""}},"footnotes":""},"class_list":["post-2325","page","type-page","status-publish","hentry"],"yoast_head":"<!-- This site is optimized with the Yoast SEO plugin v23.5 - https:\/\/yoast.com\/wordpress\/plugins\/seo\/ -->\n<title>Ci\u0119cie laserowe i gi\u0119cie na prasach - Szk\u0142a ochronne do laser\u00f3w i g\u0142owic laserowych<\/title>\n<meta name=\"description\" content=\"Szk\u0142a ochronne do laser\u00f3w i g\u0142owic laserowych. Wsparcie w procesach obr\u00f3bki laserowej: hartowanie, napawanie i ci\u0119cie laserowe. Druty spawalnicze do natrysku cieplnego.\" \/>\n<meta name=\"robots\" content=\"index, follow, max-snippet:-1, max-image-preview:large, max-video-preview:-1\" \/>\n<link rel=\"canonical\" href=\"https:\/\/www.contrakt-materials.com.pl\/de\/ciecie-laserowe-i-giecie-na-prasach\/\" \/>\n<meta property=\"og:locale\" content=\"de_DE\" \/>\n<meta property=\"og:type\" content=\"article\" \/>\n<meta property=\"og:title\" content=\"Ci\u0119cie laserowe i gi\u0119cie na prasach - Szk\u0142a ochronne do laser\u00f3w i g\u0142owic laserowych\" \/>\n<meta property=\"og:description\" content=\"Szk\u0142a ochronne do laser\u00f3w i g\u0142owic laserowych. Wsparcie w procesach obr\u00f3bki laserowej: hartowanie, napawanie i ci\u0119cie laserowe. Druty spawalnicze do natrysku cieplnego.\" \/>\n<meta property=\"og:url\" content=\"https:\/\/www.contrakt-materials.com.pl\/de\/ciecie-laserowe-i-giecie-na-prasach\/\" \/>\n<meta property=\"article:publisher\" content=\"https:\/\/www.facebook.com\/contrakt.katowice\" \/>\n<meta property=\"article:modified_time\" content=\"2023-01-20T14:56:45+00:00\" \/>\n<meta property=\"og:image\" content=\"https:\/\/contraktlaser.arestate.pl\/wp-content\/uploads\/2023\/01\/ciecie-1.jpg\" \/>\n<meta name=\"twitter:card\" content=\"summary_large_image\" \/>\n<script type=\"application\/ld+json\" class=\"yoast-schema-graph\">{\"@context\":\"https:\/\/schema.org\",\"@graph\":[{\"@type\":\"WebPage\",\"@id\":\"https:\/\/www.contrakt-materials.com.pl\/de\/ciecie-laserowe-i-giecie-na-prasach\/\",\"url\":\"https:\/\/www.contrakt-materials.com.pl\/de\/ciecie-laserowe-i-giecie-na-prasach\/\",\"name\":\"Ci\u0119cie laserowe i gi\u0119cie na prasach - Szk\u0142a ochronne do laser\u00f3w i g\u0142owic laserowych\",\"isPartOf\":{\"@id\":\"https:\/\/www.contrakt-materials.com.pl\/de\/#website\"},\"primaryImageOfPage\":{\"@id\":\"https:\/\/www.contrakt-materials.com.pl\/de\/ciecie-laserowe-i-giecie-na-prasach\/#primaryimage\"},\"image\":{\"@id\":\"https:\/\/www.contrakt-materials.com.pl\/de\/ciecie-laserowe-i-giecie-na-prasach\/#primaryimage\"},\"thumbnailUrl\":\"https:\/\/www.contrakt-materials.com.pl\/wp-content\/uploads\/2023\/01\/ciecie-1.jpg\",\"datePublished\":\"2023-01-09T18:00:36+00:00\",\"dateModified\":\"2023-01-20T14:56:45+00:00\",\"description\":\"Szk\u0142a ochronne do laser\u00f3w i g\u0142owic laserowych. Wsparcie w procesach obr\u00f3bki laserowej: hartowanie, napawanie i ci\u0119cie laserowe. Druty spawalnicze do natrysku cieplnego.\",\"breadcrumb\":{\"@id\":\"https:\/\/www.contrakt-materials.com.pl\/de\/ciecie-laserowe-i-giecie-na-prasach\/#breadcrumb\"},\"inLanguage\":\"de\",\"potentialAction\":[{\"@type\":\"ReadAction\",\"target\":[\"https:\/\/www.contrakt-materials.com.pl\/de\/ciecie-laserowe-i-giecie-na-prasach\/\"]}]},{\"@type\":\"ImageObject\",\"inLanguage\":\"de\",\"@id\":\"https:\/\/www.contrakt-materials.com.pl\/de\/ciecie-laserowe-i-giecie-na-prasach\/#primaryimage\",\"url\":\"https:\/\/www.contrakt-materials.com.pl\/wp-content\/uploads\/2023\/01\/ciecie-1.jpg\",\"contentUrl\":\"https:\/\/www.contrakt-materials.com.pl\/wp-content\/uploads\/2023\/01\/ciecie-1.jpg\"},{\"@type\":\"BreadcrumbList\",\"@id\":\"https:\/\/www.contrakt-materials.com.pl\/de\/ciecie-laserowe-i-giecie-na-prasach\/#breadcrumb\",\"itemListElement\":[{\"@type\":\"ListItem\",\"position\":1,\"name\":\"Strona g\u0142\u00f3wna\",\"item\":\"https:\/\/www.contrakt-materials.com.pl\/de\/\"},{\"@type\":\"ListItem\",\"position\":2,\"name\":\"Ci\u0119cie laserowe i gi\u0119cie na prasach\"}]},{\"@type\":\"WebSite\",\"@id\":\"https:\/\/www.contrakt-materials.com.pl\/de\/#website\",\"url\":\"https:\/\/www.contrakt-materials.com.pl\/de\/\",\"name\":\"Szk\u0142a ochronne do laser\u00f3w\",\"description\":\"\",\"publisher\":{\"@id\":\"https:\/\/www.contrakt-materials.com.pl\/de\/#organization\"},\"alternateName\":\"Szk\u0142a ochronne do g\u0142owic laserowych\",\"inLanguage\":\"de\"},{\"@type\":\"Organization\",\"@id\":\"https:\/\/www.contrakt-materials.com.pl\/de\/#organization\",\"name\":\"CONTRAKT-MATERIALS\",\"alternateName\":\"Syk\u0142a ochronne do g\u0142owic laserowych\",\"url\":\"https:\/\/www.contrakt-materials.com.pl\/de\/\",\"logo\":{\"@type\":\"ImageObject\",\"inLanguage\":\"de\",\"@id\":\"https:\/\/www.contrakt-materials.com.pl\/de\/#\/schema\/logo\/image\/\",\"url\":\"https:\/\/www.contrakt-materials.com.pl\/wp-content\/uploads\/2022\/11\/cropped-cropped-contrakt-logo.png\",\"contentUrl\":\"https:\/\/www.contrakt-materials.com.pl\/wp-content\/uploads\/2022\/11\/cropped-cropped-contrakt-logo.png\",\"width\":96,\"height\":55,\"caption\":\"CONTRAKT-MATERIALS\"},\"image\":{\"@id\":\"https:\/\/www.contrakt-materials.com.pl\/de\/#\/schema\/logo\/image\/\"},\"sameAs\":[\"https:\/\/www.facebook.com\/contrakt.katowice\"]}]}<\/script>\n<!-- \/ Yoast SEO plugin. -->","yoast_head_json":{"title":"Ci\u0119cie laserowe i gi\u0119cie na prasach - Szk\u0142a ochronne do laser\u00f3w i g\u0142owic laserowych","description":"Szk\u0142a ochronne do laser\u00f3w i g\u0142owic laserowych. Wsparcie w procesach obr\u00f3bki laserowej: hartowanie, napawanie i ci\u0119cie laserowe. Druty spawalnicze do natrysku cieplnego.","robots":{"index":"index","follow":"follow","max-snippet":"max-snippet:-1","max-image-preview":"max-image-preview:large","max-video-preview":"max-video-preview:-1"},"canonical":"https:\/\/www.contrakt-materials.com.pl\/de\/ciecie-laserowe-i-giecie-na-prasach\/","og_locale":"de_DE","og_type":"article","og_title":"Ci\u0119cie laserowe i gi\u0119cie na prasach - Szk\u0142a ochronne do laser\u00f3w i g\u0142owic laserowych","og_description":"Szk\u0142a ochronne do laser\u00f3w i g\u0142owic laserowych. Wsparcie w procesach obr\u00f3bki laserowej: hartowanie, napawanie i ci\u0119cie laserowe. Druty spawalnicze do natrysku cieplnego.","og_url":"https:\/\/www.contrakt-materials.com.pl\/de\/ciecie-laserowe-i-giecie-na-prasach\/","article_publisher":"https:\/\/www.facebook.com\/contrakt.katowice","article_modified_time":"2023-01-20T14:56:45+00:00","og_image":[{"url":"https:\/\/contraktlaser.arestate.pl\/wp-content\/uploads\/2023\/01\/ciecie-1.jpg"}],"twitter_card":"summary_large_image","schema":{"@context":"https:\/\/schema.org","@graph":[{"@type":"WebPage","@id":"https:\/\/www.contrakt-materials.com.pl\/de\/ciecie-laserowe-i-giecie-na-prasach\/","url":"https:\/\/www.contrakt-materials.com.pl\/de\/ciecie-laserowe-i-giecie-na-prasach\/","name":"Ci\u0119cie laserowe i gi\u0119cie na prasach - Szk\u0142a ochronne do laser\u00f3w i g\u0142owic laserowych","isPartOf":{"@id":"https:\/\/www.contrakt-materials.com.pl\/de\/#website"},"primaryImageOfPage":{"@id":"https:\/\/www.contrakt-materials.com.pl\/de\/ciecie-laserowe-i-giecie-na-prasach\/#primaryimage"},"image":{"@id":"https:\/\/www.contrakt-materials.com.pl\/de\/ciecie-laserowe-i-giecie-na-prasach\/#primaryimage"},"thumbnailUrl":"https:\/\/www.contrakt-materials.com.pl\/wp-content\/uploads\/2023\/01\/ciecie-1.jpg","datePublished":"2023-01-09T18:00:36+00:00","dateModified":"2023-01-20T14:56:45+00:00","description":"Szk\u0142a ochronne do laser\u00f3w i g\u0142owic laserowych. Wsparcie w procesach obr\u00f3bki laserowej: hartowanie, napawanie i ci\u0119cie laserowe. Druty spawalnicze do natrysku cieplnego.","breadcrumb":{"@id":"https:\/\/www.contrakt-materials.com.pl\/de\/ciecie-laserowe-i-giecie-na-prasach\/#breadcrumb"},"inLanguage":"de","potentialAction":[{"@type":"ReadAction","target":["https:\/\/www.contrakt-materials.com.pl\/de\/ciecie-laserowe-i-giecie-na-prasach\/"]}]},{"@type":"ImageObject","inLanguage":"de","@id":"https:\/\/www.contrakt-materials.com.pl\/de\/ciecie-laserowe-i-giecie-na-prasach\/#primaryimage","url":"https:\/\/www.contrakt-materials.com.pl\/wp-content\/uploads\/2023\/01\/ciecie-1.jpg","contentUrl":"https:\/\/www.contrakt-materials.com.pl\/wp-content\/uploads\/2023\/01\/ciecie-1.jpg"},{"@type":"BreadcrumbList","@id":"https:\/\/www.contrakt-materials.com.pl\/de\/ciecie-laserowe-i-giecie-na-prasach\/#breadcrumb","itemListElement":[{"@type":"ListItem","position":1,"name":"Strona g\u0142\u00f3wna","item":"https:\/\/www.contrakt-materials.com.pl\/de\/"},{"@type":"ListItem","position":2,"name":"Ci\u0119cie laserowe i gi\u0119cie na prasach"}]},{"@type":"WebSite","@id":"https:\/\/www.contrakt-materials.com.pl\/de\/#website","url":"https:\/\/www.contrakt-materials.com.pl\/de\/","name":"Szk\u0142a ochronne do laser\u00f3w","description":"","publisher":{"@id":"https:\/\/www.contrakt-materials.com.pl\/de\/#organization"},"alternateName":"Szk\u0142a ochronne do g\u0142owic laserowych","inLanguage":"de"},{"@type":"Organization","@id":"https:\/\/www.contrakt-materials.com.pl\/de\/#organization","name":"CONTRAKT-MATERIALS","alternateName":"Syk\u0142a ochronne do g\u0142owic laserowych","url":"https:\/\/www.contrakt-materials.com.pl\/de\/","logo":{"@type":"ImageObject","inLanguage":"de","@id":"https:\/\/www.contrakt-materials.com.pl\/de\/#\/schema\/logo\/image\/","url":"https:\/\/www.contrakt-materials.com.pl\/wp-content\/uploads\/2022\/11\/cropped-cropped-contrakt-logo.png","contentUrl":"https:\/\/www.contrakt-materials.com.pl\/wp-content\/uploads\/2022\/11\/cropped-cropped-contrakt-logo.png","width":96,"height":55,"caption":"CONTRAKT-MATERIALS"},"image":{"@id":"https:\/\/www.contrakt-materials.com.pl\/de\/#\/schema\/logo\/image\/"},"sameAs":["https:\/\/www.facebook.com\/contrakt.katowice"]}]}},"_links":{"self":[{"href":"https:\/\/www.contrakt-materials.com.pl\/de\/wp-json\/wp\/v2\/pages\/2325","targetHints":{"allow":["GET"]}}],"collection":[{"href":"https:\/\/www.contrakt-materials.com.pl\/de\/wp-json\/wp\/v2\/pages"}],"about":[{"href":"https:\/\/www.contrakt-materials.com.pl\/de\/wp-json\/wp\/v2\/types\/page"}],"author":[{"embeddable":true,"href":"https:\/\/www.contrakt-materials.com.pl\/de\/wp-json\/wp\/v2\/users\/3"}],"replies":[{"embeddable":true,"href":"https:\/\/www.contrakt-materials.com.pl\/de\/wp-json\/wp\/v2\/comments?post=2325"}],"version-history":[{"count":1,"href":"https:\/\/www.contrakt-materials.com.pl\/de\/wp-json\/wp\/v2\/pages\/2325\/revisions"}],"predecessor-version":[{"id":2326,"href":"https:\/\/www.contrakt-materials.com.pl\/de\/wp-json\/wp\/v2\/pages\/2325\/revisions\/2326"}],"wp:attachment":[{"href":"https:\/\/www.contrakt-materials.com.pl\/de\/wp-json\/wp\/v2\/media?parent=2325"}],"curies":[{"name":"wp","href":"https:\/\/api.w.org\/{rel}","templated":true}]}}