{"id":2329,"date":"2022-12-11T10:18:35","date_gmt":"2022-12-11T09:18:35","guid":{"rendered":"https:\/\/contraktlaser.arestate.pl\/dysze-do-glowic-do-ciecia-laserowego\/"},"modified":"2024-11-19T01:50:39","modified_gmt":"2024-11-19T00:50:39","slug":"dusen-fur-laserschneidkopfe","status":"publish","type":"page","link":"https:\/\/www.contrakt-materials.com.pl\/de\/dusen-fur-laserschneidkopfe\/","title":{"rendered":"D\u00fcsen f\u00fcr Laserschneidk\u00f6pfe"},"content":{"rendered":"\n<div style=\"height:96px\" aria-hidden=\"true\" class=\"wp-block-spacer\"><\/div>\n\n<div class=\"wp-block-cover alignfull\" style=\"min-height:50px;aspect-ratio:unset;\"><span aria-hidden=\"true\" class=\"wp-block-cover__background has-background-dim-0 has-background-dim\"><\/span><img loading=\"lazy\" decoding=\"async\" width=\"1440\" height=\"337\" class=\"wp-block-cover__image-background wp-image-1767\" alt=\"czesci\" src=\"https:\/\/contrakt-materials.com.pl\/wp-content\/uploads\/2022\/12\/czesci-1.jpg\" data-object-fit=\"cover\" srcset=\"https:\/\/www.contrakt-materials.com.pl\/wp-content\/uploads\/2022\/12\/czesci-1.jpg 1440w, https:\/\/www.contrakt-materials.com.pl\/wp-content\/uploads\/2022\/12\/czesci-1-300x70.jpg 300w, https:\/\/www.contrakt-materials.com.pl\/wp-content\/uploads\/2022\/12\/czesci-1-1024x240.jpg 1024w, https:\/\/www.contrakt-materials.com.pl\/wp-content\/uploads\/2022\/12\/czesci-1-768x180.jpg 768w, https:\/\/www.contrakt-materials.com.pl\/wp-content\/uploads\/2022\/12\/czesci-1-600x140.jpg 600w\" sizes=\"auto, (max-width: 1440px) 100vw, 1440px\" \/><div class=\"wp-block-cover__inner-container is-layout-flow wp-block-cover-is-layout-flow\">\n<div style=\"height:80px\" aria-hidden=\"true\" class=\"wp-block-spacer\"><\/div>\n\n\n\n<h1 class=\"wp-block-heading has-ast-global-color-5-color has-text-color\">D\u00fcsen f\u00fcr Laserschneidk\u00f6pfe<\/h1>\n\n\n\n<div style=\"height:80px\" aria-hidden=\"true\" class=\"wp-block-spacer\"><\/div>\n<\/div><\/div>\n\n<div class=\"inherit-container-width wp-block-group mw-670 has-background is-layout-constrained wp-container-core-group-is-layout-92ac1812 wp-block-group-is-layout-constrained\" style=\"background-color:#f4f4f4;margin-top:60px;margin-bottom:60px;padding-top:44px;padding-right:54px;padding-bottom:44px;padding-left:54px\"><div class=\"wp-block-group__inner-container\">\n<p class=\"has-ast-global-color-1-color has-text-color has-medium-font-size\">Wir bieten auch Kupferd\u00fcsen f\u00fcr <a href=\"https:\/\/contrakt-materials.com.pl\/ciecie-laserowe-i-giecie-na-prasach\/\" title=\"Laserschneidk\u00c3\u00b6pfe\">Laserschneidk\u00f6pfe<\/a> an.<\/p>\n\n\n\n<p class=\"has-ast-global-color-1-color has-text-color has-medium-font-size\">Die von uns angebotenen D\u00fcsen k\u00f6nnen in Maschinen aller Hersteller eingesetzt werden, wie zum Beispiel:<\/p>\n\n\n\n<ul style=\"margin-left:28px;font-style:normal;font-weight:500\" class=\"wp-block-list has-ast-global-color-0-color has-text-color has-medium-font-size\">\n<li><a href=\"https:\/\/www.trumpf.com\/pl_PL\/\" title=\"Trumpf\">Trumpf<\/a>,<\/li>\n\n\n\n<li><a href=\"https:\/\/www.amada.eu\/pl-pl\/\" title=\"Amada,\">Amada,<\/a><\/li>\n\n\n\n<li><a href=\"https:\/\/www.bystronic.com\/pol\/pl\" title=\"Bystronic,\">Bystronic,<\/a><\/li>\n\n\n\n<li>Highyag,<\/li>\n\n\n\n<li>Scansonic,<\/li>\n\n\n\n<li>Optoscan,<\/li>\n\n\n\n<li><a href=\"https:\/\/www.blackbird-robotics.de\/#\" title=\"Blackbird\">Blackbird<\/a>,<\/li>\n\n\n\n<li><a href=\"https:\/\/www.lasermech.com\/\" title=\"LaserMech\">LaserMech<\/a>,<\/li>\n\n\n\n<li>und viele mehr.<\/li>\n<\/ul>\n<\/div><\/div>\n\n<div>\n<p>Wir bieten umfassende <strong>Beratung<\/strong> und <strong>Unterst\u00fctzung zu Laserschneidkopfd\u00fcsen f\u00fcr<\/strong> hohe Leistung und Pr\u00e4zisionsschneiden. Unsere L\u00f6sungen sind ideal f\u00fcr Unternehmen, die nach zuverl\u00e4ssigen Komponenten f\u00fcr ihre Laserschneidsysteme suchen. <\/p>\n\n<p><strong>D\u00fcsen f\u00fcr Laserschneidk\u00f6pfe<\/strong> sind eine Schl\u00fcsselkomponente, die die Qualit\u00e4t des Schnitts und die Effizienz des Prozesses beeinflusst. Mit pr\u00e4zisionsgefertigten D\u00fcsen kann ein optimaler Gasfluss erreicht werden, der die K\u00fchlung, die Entfernung von Ablagerungen und die Kontrolle des Schneidprozesses verbessert. Unsere D\u00fcsen sind f\u00fcr eine breite Palette von Materialien geeignet, darunter Metalle, Edelstahl, Aluminium und mehr, und gew\u00e4hrleisten so ihre Vielseitigkeit und Effektivit\u00e4t in einer Vielzahl von Branchen.  <\/p>\n\n<p>Wir bieten eine gro\u00dfe Auswahl an D\u00fcsen in verschiedenen Formen und Gr\u00f6\u00dfen an, um den spezifischen Produktionsanforderungen gerecht zu werden. Unsere Spezialisten k\u00f6nnen Ihnen bei der Auswahl der richtigen D\u00fcsen f\u00fcr Ihre Laserschneidk\u00f6pfe helfen, um eine optimale Schnittqualit\u00e4t zu gew\u00e4hrleisten und die Betriebskosten der Maschine zu minimieren. <\/p>\n\n<p>Die Zusammenarbeit mit uns ist eine Garantie f\u00fcr hochwertige Produkte, einen ma\u00dfgeschneiderten Ansatz und professionelle Unterst\u00fctzung in jeder Phase der Produktion. Kontaktieren Sie uns, um herauszufinden, wie unsere Laserschneidkopfd\u00fcsen die Effizienz und Pr\u00e4zision Ihres Schneidprozesses verbessern k\u00f6nnen. <\/p>\n\n<\/div>\n<hr\/>\n","protected":false},"excerpt":{"rendered":"<p>Wir bieten auch Kupferd\u00fcsen f\u00fcr Laserschneidk\u00f6pfe an. Die von uns angebotenen D\u00fcsen k\u00f6nnen in Maschinen aller Hersteller eingesetzt werden, wie zum Beispiel: Wir bieten umfassende Beratung und Unterst\u00fctzung zu Laserschneidkopfd\u00fcsen f\u00fcr hohe Leistung und Pr\u00e4zisionsschneiden. Unsere L\u00f6sungen sind ideal f\u00fcr Unternehmen, die nach zuverl\u00e4ssigen Komponenten f\u00fcr ihre Laserschneidsysteme suchen. D\u00fcsen f\u00fcr Laserschneidk\u00f6pfe sind eine Schl\u00fcsselkomponente, [&hellip;]<\/p>\n","protected":false},"author":3,"featured_media":0,"parent":0,"menu_order":0,"comment_status":"closed","ping_status":"closed","template":"","meta":{"site-sidebar-layout":"no-sidebar","site-content-layout":"plain-container","ast-site-content-layout":"normal-width-container","site-content-style":"unboxed","site-sidebar-style":"unboxed","ast-global-header-display":"","ast-banner-title-visibility":"","ast-main-header-display":"","ast-hfb-above-header-display":"","ast-hfb-below-header-display":"","ast-hfb-mobile-header-display":"","site-post-title":"disabled","ast-breadcrumbs-content":"","ast-featured-img":"disabled","footer-sml-layout":"","theme-transparent-header-meta":"enabled","adv-header-id-meta":"","stick-header-meta":"","header-above-stick-meta":"","header-main-stick-meta":"","header-below-stick-meta":"","astra-migrate-meta-layouts":"default","ast-page-background-enabled":"default","ast-page-background-meta":{"desktop":{"background-color":"","background-image":"","background-repeat":"repeat","background-position":"center center","background-size":"auto","background-attachment":"scroll","background-type":"","background-media":"","overlay-type":"","overlay-color":"","overlay-opacity":"","overlay-gradient":""},"tablet":{"background-color":"","background-image":"","background-repeat":"repeat","background-position":"center center","background-size":"auto","background-attachment":"scroll","background-type":"","background-media":"","overlay-type":"","overlay-color":"","overlay-opacity":"","overlay-gradient":""},"mobile":{"background-color":"","background-image":"","background-repeat":"repeat","background-position":"center center","background-size":"auto","background-attachment":"scroll","background-type":"","background-media":"","overlay-type":"","overlay-color":"","overlay-opacity":"","overlay-gradient":""}},"ast-content-background-meta":{"desktop":{"background-color":"var(--ast-global-color-5)","background-image":"","background-repeat":"repeat","background-position":"center center","background-size":"auto","background-attachment":"scroll","background-type":"","background-media":"","overlay-type":"","overlay-color":"","overlay-opacity":"","overlay-gradient":""},"tablet":{"background-color":"var(--ast-global-color-5)","background-image":"","background-repeat":"repeat","background-position":"center center","background-size":"auto","background-attachment":"scroll","background-type":"","background-media":"","overlay-type":"","overlay-color":"","overlay-opacity":"","overlay-gradient":""},"mobile":{"background-color":"var(--ast-global-color-5)","background-image":"","background-repeat":"repeat","background-position":"center center","background-size":"auto","background-attachment":"scroll","background-type":"","background-media":"","overlay-type":"","overlay-color":"","overlay-opacity":"","overlay-gradient":""}},"footnotes":""},"class_list":["post-2329","page","type-page","status-publish","hentry"],"yoast_head":"<!-- This site is optimized with the Yoast SEO plugin v23.5 - https:\/\/yoast.com\/wordpress\/plugins\/seo\/ -->\n<title>D\u00fcsen f\u00fcr Laserschneidk\u00f6pfe -<\/title>\n<meta name=\"description\" content=\"D\u00fcsen f\u00fcr Laserschneidk\u00f6pfe - Pr\u00e4zisionskomponenten f\u00fcr effizientes und hochwertiges Schneiden bei Laserprozessen.\" \/>\n<meta name=\"robots\" content=\"index, follow, max-snippet:-1, max-image-preview:large, max-video-preview:-1\" \/>\n<link rel=\"canonical\" href=\"https:\/\/www.contrakt-materials.com.pl\/de\/dusen-fur-laserschneidkopfe\/\" \/>\n<meta property=\"og:locale\" content=\"de_DE\" \/>\n<meta property=\"og:type\" content=\"article\" \/>\n<meta property=\"og:title\" content=\"D\u00fcsen f\u00fcr Laserschneidk\u00f6pfe -\" \/>\n<meta property=\"og:description\" content=\"D\u00fcsen f\u00fcr Laserschneidk\u00f6pfe - Pr\u00e4zisionskomponenten f\u00fcr effizientes und hochwertiges Schneiden bei Laserprozessen.\" \/>\n<meta property=\"og:url\" content=\"https:\/\/www.contrakt-materials.com.pl\/de\/dusen-fur-laserschneidkopfe\/\" \/>\n<meta property=\"article:publisher\" content=\"https:\/\/www.facebook.com\/contrakt.katowice\" \/>\n<meta property=\"article:modified_time\" content=\"2024-11-19T00:50:39+00:00\" \/>\n<meta property=\"og:image\" content=\"https:\/\/contrakt-materials.com.pl\/wp-content\/uploads\/2022\/12\/czesci-1.jpg\" \/>\n<meta name=\"twitter:card\" content=\"summary_large_image\" \/>\n<meta name=\"twitter:label1\" content=\"Gesch\u00e4tzte Lesezeit\" \/>\n\t<meta name=\"twitter:data1\" content=\"1\u00a0Minute\" \/>\n<script type=\"application\/ld+json\" class=\"yoast-schema-graph\">{\"@context\":\"https:\/\/schema.org\",\"@graph\":[{\"@type\":\"WebPage\",\"@id\":\"https:\/\/www.contrakt-materials.com.pl\/de\/dusen-fur-laserschneidkopfe\/\",\"url\":\"https:\/\/www.contrakt-materials.com.pl\/de\/dusen-fur-laserschneidkopfe\/\",\"name\":\"D\u00fcsen f\u00fcr Laserschneidk\u00f6pfe -\",\"isPartOf\":{\"@id\":\"https:\/\/www.contrakt-materials.com.pl\/de\/#website\"},\"primaryImageOfPage\":{\"@id\":\"https:\/\/www.contrakt-materials.com.pl\/de\/dusen-fur-laserschneidkopfe\/#primaryimage\"},\"image\":{\"@id\":\"https:\/\/www.contrakt-materials.com.pl\/de\/dusen-fur-laserschneidkopfe\/#primaryimage\"},\"thumbnailUrl\":\"https:\/\/contrakt-materials.com.pl\/wp-content\/uploads\/2022\/12\/czesci-1.jpg\",\"datePublished\":\"2022-12-11T09:18:35+00:00\",\"dateModified\":\"2024-11-19T00:50:39+00:00\",\"description\":\"D\u00fcsen f\u00fcr Laserschneidk\u00f6pfe - Pr\u00e4zisionskomponenten f\u00fcr effizientes und hochwertiges Schneiden bei Laserprozessen.\",\"breadcrumb\":{\"@id\":\"https:\/\/www.contrakt-materials.com.pl\/de\/dusen-fur-laserschneidkopfe\/#breadcrumb\"},\"inLanguage\":\"de\",\"potentialAction\":[{\"@type\":\"ReadAction\",\"target\":[\"https:\/\/www.contrakt-materials.com.pl\/de\/dusen-fur-laserschneidkopfe\/\"]}]},{\"@type\":\"ImageObject\",\"inLanguage\":\"de\",\"@id\":\"https:\/\/www.contrakt-materials.com.pl\/de\/dusen-fur-laserschneidkopfe\/#primaryimage\",\"url\":\"https:\/\/contrakt-materials.com.pl\/wp-content\/uploads\/2022\/12\/czesci-1.jpg\",\"contentUrl\":\"https:\/\/contrakt-materials.com.pl\/wp-content\/uploads\/2022\/12\/czesci-1.jpg\"},{\"@type\":\"BreadcrumbList\",\"@id\":\"https:\/\/www.contrakt-materials.com.pl\/de\/dusen-fur-laserschneidkopfe\/#breadcrumb\",\"itemListElement\":[{\"@type\":\"ListItem\",\"position\":1,\"name\":\"Strona g\u0142\u00f3wna\",\"item\":\"https:\/\/www.contrakt-materials.com.pl\/de\/\"},{\"@type\":\"ListItem\",\"position\":2,\"name\":\"D\u00fcsen f\u00fcr Laserschneidk\u00f6pfe\"}]},{\"@type\":\"WebSite\",\"@id\":\"https:\/\/www.contrakt-materials.com.pl\/de\/#website\",\"url\":\"https:\/\/www.contrakt-materials.com.pl\/de\/\",\"name\":\"Szk\u0142a ochronne do laser\u00f3w\",\"description\":\"\",\"publisher\":{\"@id\":\"https:\/\/www.contrakt-materials.com.pl\/de\/#organization\"},\"alternateName\":\"Szk\u0142a ochronne do g\u0142owic laserowych\",\"inLanguage\":\"de\"},{\"@type\":\"Organization\",\"@id\":\"https:\/\/www.contrakt-materials.com.pl\/de\/#organization\",\"name\":\"CONTRAKT-MATERIALS\",\"alternateName\":\"Syk\u0142a ochronne do g\u0142owic laserowych\",\"url\":\"https:\/\/www.contrakt-materials.com.pl\/de\/\",\"logo\":{\"@type\":\"ImageObject\",\"inLanguage\":\"de\",\"@id\":\"https:\/\/www.contrakt-materials.com.pl\/de\/#\/schema\/logo\/image\/\",\"url\":\"https:\/\/www.contrakt-materials.com.pl\/wp-content\/uploads\/2022\/11\/cropped-cropped-contrakt-logo.png\",\"contentUrl\":\"https:\/\/www.contrakt-materials.com.pl\/wp-content\/uploads\/2022\/11\/cropped-cropped-contrakt-logo.png\",\"width\":96,\"height\":55,\"caption\":\"CONTRAKT-MATERIALS\"},\"image\":{\"@id\":\"https:\/\/www.contrakt-materials.com.pl\/de\/#\/schema\/logo\/image\/\"},\"sameAs\":[\"https:\/\/www.facebook.com\/contrakt.katowice\"]}]}<\/script>\n<!-- \/ Yoast SEO plugin. -->","yoast_head_json":{"title":"D\u00fcsen f\u00fcr Laserschneidk\u00f6pfe -","description":"D\u00fcsen f\u00fcr Laserschneidk\u00f6pfe - Pr\u00e4zisionskomponenten f\u00fcr effizientes und hochwertiges Schneiden bei Laserprozessen.","robots":{"index":"index","follow":"follow","max-snippet":"max-snippet:-1","max-image-preview":"max-image-preview:large","max-video-preview":"max-video-preview:-1"},"canonical":"https:\/\/www.contrakt-materials.com.pl\/de\/dusen-fur-laserschneidkopfe\/","og_locale":"de_DE","og_type":"article","og_title":"D\u00fcsen f\u00fcr Laserschneidk\u00f6pfe -","og_description":"D\u00fcsen f\u00fcr Laserschneidk\u00f6pfe - Pr\u00e4zisionskomponenten f\u00fcr effizientes und hochwertiges Schneiden bei Laserprozessen.","og_url":"https:\/\/www.contrakt-materials.com.pl\/de\/dusen-fur-laserschneidkopfe\/","article_publisher":"https:\/\/www.facebook.com\/contrakt.katowice","article_modified_time":"2024-11-19T00:50:39+00:00","og_image":[{"url":"https:\/\/contrakt-materials.com.pl\/wp-content\/uploads\/2022\/12\/czesci-1.jpg"}],"twitter_card":"summary_large_image","twitter_misc":{"Gesch\u00e4tzte Lesezeit":"1\u00a0Minute"},"schema":{"@context":"https:\/\/schema.org","@graph":[{"@type":"WebPage","@id":"https:\/\/www.contrakt-materials.com.pl\/de\/dusen-fur-laserschneidkopfe\/","url":"https:\/\/www.contrakt-materials.com.pl\/de\/dusen-fur-laserschneidkopfe\/","name":"D\u00fcsen f\u00fcr Laserschneidk\u00f6pfe -","isPartOf":{"@id":"https:\/\/www.contrakt-materials.com.pl\/de\/#website"},"primaryImageOfPage":{"@id":"https:\/\/www.contrakt-materials.com.pl\/de\/dusen-fur-laserschneidkopfe\/#primaryimage"},"image":{"@id":"https:\/\/www.contrakt-materials.com.pl\/de\/dusen-fur-laserschneidkopfe\/#primaryimage"},"thumbnailUrl":"https:\/\/contrakt-materials.com.pl\/wp-content\/uploads\/2022\/12\/czesci-1.jpg","datePublished":"2022-12-11T09:18:35+00:00","dateModified":"2024-11-19T00:50:39+00:00","description":"D\u00fcsen f\u00fcr Laserschneidk\u00f6pfe - Pr\u00e4zisionskomponenten f\u00fcr effizientes und hochwertiges Schneiden bei Laserprozessen.","breadcrumb":{"@id":"https:\/\/www.contrakt-materials.com.pl\/de\/dusen-fur-laserschneidkopfe\/#breadcrumb"},"inLanguage":"de","potentialAction":[{"@type":"ReadAction","target":["https:\/\/www.contrakt-materials.com.pl\/de\/dusen-fur-laserschneidkopfe\/"]}]},{"@type":"ImageObject","inLanguage":"de","@id":"https:\/\/www.contrakt-materials.com.pl\/de\/dusen-fur-laserschneidkopfe\/#primaryimage","url":"https:\/\/contrakt-materials.com.pl\/wp-content\/uploads\/2022\/12\/czesci-1.jpg","contentUrl":"https:\/\/contrakt-materials.com.pl\/wp-content\/uploads\/2022\/12\/czesci-1.jpg"},{"@type":"BreadcrumbList","@id":"https:\/\/www.contrakt-materials.com.pl\/de\/dusen-fur-laserschneidkopfe\/#breadcrumb","itemListElement":[{"@type":"ListItem","position":1,"name":"Strona g\u0142\u00f3wna","item":"https:\/\/www.contrakt-materials.com.pl\/de\/"},{"@type":"ListItem","position":2,"name":"D\u00fcsen f\u00fcr Laserschneidk\u00f6pfe"}]},{"@type":"WebSite","@id":"https:\/\/www.contrakt-materials.com.pl\/de\/#website","url":"https:\/\/www.contrakt-materials.com.pl\/de\/","name":"Szk\u0142a ochronne do laser\u00f3w","description":"","publisher":{"@id":"https:\/\/www.contrakt-materials.com.pl\/de\/#organization"},"alternateName":"Szk\u0142a ochronne do g\u0142owic laserowych","inLanguage":"de"},{"@type":"Organization","@id":"https:\/\/www.contrakt-materials.com.pl\/de\/#organization","name":"CONTRAKT-MATERIALS","alternateName":"Syk\u0142a ochronne do g\u0142owic laserowych","url":"https:\/\/www.contrakt-materials.com.pl\/de\/","logo":{"@type":"ImageObject","inLanguage":"de","@id":"https:\/\/www.contrakt-materials.com.pl\/de\/#\/schema\/logo\/image\/","url":"https:\/\/www.contrakt-materials.com.pl\/wp-content\/uploads\/2022\/11\/cropped-cropped-contrakt-logo.png","contentUrl":"https:\/\/www.contrakt-materials.com.pl\/wp-content\/uploads\/2022\/11\/cropped-cropped-contrakt-logo.png","width":96,"height":55,"caption":"CONTRAKT-MATERIALS"},"image":{"@id":"https:\/\/www.contrakt-materials.com.pl\/de\/#\/schema\/logo\/image\/"},"sameAs":["https:\/\/www.facebook.com\/contrakt.katowice"]}]}},"_links":{"self":[{"href":"https:\/\/www.contrakt-materials.com.pl\/de\/wp-json\/wp\/v2\/pages\/2329","targetHints":{"allow":["GET"]}}],"collection":[{"href":"https:\/\/www.contrakt-materials.com.pl\/de\/wp-json\/wp\/v2\/pages"}],"about":[{"href":"https:\/\/www.contrakt-materials.com.pl\/de\/wp-json\/wp\/v2\/types\/page"}],"author":[{"embeddable":true,"href":"https:\/\/www.contrakt-materials.com.pl\/de\/wp-json\/wp\/v2\/users\/3"}],"replies":[{"embeddable":true,"href":"https:\/\/www.contrakt-materials.com.pl\/de\/wp-json\/wp\/v2\/comments?post=2329"}],"version-history":[{"count":5,"href":"https:\/\/www.contrakt-materials.com.pl\/de\/wp-json\/wp\/v2\/pages\/2329\/revisions"}],"predecessor-version":[{"id":3276,"href":"https:\/\/www.contrakt-materials.com.pl\/de\/wp-json\/wp\/v2\/pages\/2329\/revisions\/3276"}],"wp:attachment":[{"href":"https:\/\/www.contrakt-materials.com.pl\/de\/wp-json\/wp\/v2\/media?parent=2329"}],"curies":[{"name":"wp","href":"https:\/\/api.w.org\/{rel}","templated":true}]}}