{"id":2333,"date":"2022-12-15T20:33:27","date_gmt":"2022-12-15T19:33:27","guid":{"rendered":"https:\/\/contraktlaser.arestate.pl\/kontakt\/"},"modified":"2024-11-19T02:29:14","modified_gmt":"2024-11-19T01:29:14","slug":"kontakt","status":"publish","type":"page","link":"https:\/\/www.contrakt-materials.com.pl\/de\/kontakt\/","title":{"rendered":"Kontakt"},"content":{"rendered":"\n<div style=\"height:96px\" aria-hidden=\"true\" class=\"wp-block-spacer\"><\/div>\n\n<div class=\"wp-block-cover alignfull\" style=\"min-height:50px;aspect-ratio:unset;\"><span aria-hidden=\"true\" class=\"wp-block-cover__background has-background-dim-0 has-background-dim\"><\/span><img loading=\"lazy\" decoding=\"async\" width=\"1440\" height=\"337\" class=\"wp-block-cover__image-background wp-image-1832\" alt=\"konatkt\" src=\"https:\/\/contrakt-materials.com.pl\/wp-content\/uploads\/2022\/12\/kim-1.jpg\" data-object-fit=\"cover\" srcset=\"https:\/\/www.contrakt-materials.com.pl\/wp-content\/uploads\/2022\/12\/kim-1.jpg 1440w, https:\/\/www.contrakt-materials.com.pl\/wp-content\/uploads\/2022\/12\/kim-1-300x70.jpg 300w, https:\/\/www.contrakt-materials.com.pl\/wp-content\/uploads\/2022\/12\/kim-1-1024x240.jpg 1024w, https:\/\/www.contrakt-materials.com.pl\/wp-content\/uploads\/2022\/12\/kim-1-768x180.jpg 768w, https:\/\/www.contrakt-materials.com.pl\/wp-content\/uploads\/2022\/12\/kim-1-600x140.jpg 600w\" sizes=\"auto, (max-width: 1440px) 100vw, 1440px\" \/><div class=\"wp-block-cover__inner-container is-layout-flow wp-block-cover-is-layout-flow\">\n<div style=\"height:80px\" aria-hidden=\"true\" class=\"wp-block-spacer\"><\/div>\n\n\n\n<h1 class=\"wp-block-heading has-ast-global-color-5-color has-text-color\">Kontakt<\/h1>\n\n\n\n<div style=\"height:80px\" aria-hidden=\"true\" class=\"wp-block-spacer\"><\/div>\n<\/div><\/div>\n\n<div class=\"inherit-container-width wp-block-group is-layout-constrained wp-container-core-group-is-layout-3ff4357d wp-block-group-is-layout-constrained\" style=\"margin-top:0px;margin-bottom:0px;padding-right:0px;padding-left:0px\"><div class=\"wp-block-group__inner-container\">\n<div class=\"wp-block-columns contact-grid is-layout-flex wp-container-core-columns-is-layout-28f84493 wp-block-columns-is-layout-flex\">\n<div class=\"wp-block-column padd-norm has-background is-layout-flow wp-block-column-is-layout-flow\" style=\"background-color:#f4f4f4;padding-top:44px;padding-right:54px;padding-bottom:44px;padding-left:54px\">\n<p class=\"has-ast-global-color-1-color has-text-color has-link-color has-medium-font-size wp-elements-0b5139b628a43f6ad13c3bfa349b9da3\"><strong><br\/>F.H.U. Contrakt Adam Goik ul. <br\/><br\/>Karpacka 11 40-216 Kattowitz NIP: 954-234-57-11<\/strong><\/p>\n\n\n\n<p class=\"mail-box has-ast-global-color-0-color has-text-color has-medium-font-size\" style=\"padding-top:0px\"><strong>Telefon:<\/strong> <a href=\"tel:+48322552719\" title=\"+48 32 255 27 19\" data-type=\"tel\" data-id=\"tel:+48322552719\" title=\"+48 32 255 27 19\">+48 32 255 27 19<\/a><br\/><strong>Com:<\/strong> <a href=\"tel:+48500012573\" title=\"+48 500 012 573\" data-type=\"tel\" data-id=\"tel:+48500012573\" title=\"+48 500 012 573\">+48 500 012 573<\/a><br\/><strong>E-Mail:<br\/><\/strong> <a href=\"mailto:biuro@contrakt-materials.com.pl\" title=\"Biuro@contrakt-materials.com.pl\" data-type=\"mailto\" data-id=\"mailto:biuro@contrakt-materials.com.pl\" title=\"Biuro@contrakt-materials.com.pl\">biuro@contrakt-materials.com.pl<\/a><\/p>\n\n\n\n<p class=\"has-ast-global-color-0-color has-text-color has-medium-font-size\"><br\/><br\/>G<strong>esch\u00e4ftsf\u00fchrung<\/strong> Adam Goik<a href=\"tel:+48322552719\" title=\"+48 32 255 27 19\" data-type=\"tel\" data-id=\"tel:+48322552719\" title=\"+48 32 255 27 19\">+48 32 255 27 19<\/a><\/p>\n\n\n\n<p class=\"has-ast-global-color-0-color has-text-color has-medium-font-size\" style=\"padding-top:0px\"><strong><br\/><\/strong><br\/>V<strong>erkauf und Angebote<\/strong>\u0141ukasz Turowski <strong><a href=\"tel:+48500012573\" title=\"+48 500 012 573\" data-type=\"tel\" data-id=\"tel:+48500012573\" title=\"+48 500 012 573\">+48 500 012 573<\/a><\/strong><\/p>\n<\/div>\n\n\n\n<div class=\"wp-block-column pt0 form-box form-box-d is-layout-flow wp-block-column-is-layout-flow\" style=\"padding-top:0px\">\n<div class=\"wpcf7 no-js\" id=\"wpcf7-f2561-o1\" lang=\"de-DE\" dir=\"ltr\">\n<div class=\"screen-reader-response\"><p role=\"status\" aria-live=\"polite\" aria-atomic=\"true\"><\/p> <ul><\/ul><\/div>\n<form action=\"\/de\/wp-json\/wp\/v2\/pages\/2333#wpcf7-f2561-o1\" method=\"post\" class=\"wpcf7-form init\" aria-label=\"Kontaktformular\" novalidate=\"novalidate\" data-status=\"init\">\n<div style=\"display: none;\">\n<input type=\"hidden\" name=\"_wpcf7\" value=\"2561\" \/>\n<input type=\"hidden\" name=\"_wpcf7_version\" value=\"5.9.8\" \/>\n<input type=\"hidden\" name=\"_wpcf7_locale\" value=\"de_DE\" \/>\n<input type=\"hidden\" name=\"_wpcf7_unit_tag\" value=\"wpcf7-f2561-o1\" \/>\n<input type=\"hidden\" name=\"_wpcf7_container_post\" value=\"0\" \/>\n<input type=\"hidden\" name=\"_wpcf7_posted_data_hash\" value=\"\" \/>\n<input type=\"hidden\" name=\"_wpcf7_recaptcha_response\" value=\"\" \/>\n<\/div>\n<p style=\"color:white;font-size:20px;margin-bottom:8px;\"><b>Schreib uns<\/b>\n<\/p>\n<div class=\"\">\n\t<p><span class=\"wpcf7-form-control-wrap\" data-name=\"your-name\"><input size=\"40\" maxlength=\"400\" class=\"wpcf7-form-control wpcf7-text wpcf7-validates-as-required\" aria-required=\"true\" aria-invalid=\"false\" placeholder=\"Imi\u0119 i nazwisko*\" value=\"\" type=\"text\" name=\"your-name\" \/><\/span>\n\t<\/p>\n<\/div>\n<div class=\"\">\n\t<p><span class=\"wpcf7-form-control-wrap\" data-name=\"your-email\"><input size=\"40\" maxlength=\"400\" class=\"wpcf7-form-control wpcf7-email wpcf7-validates-as-required wpcf7-text wpcf7-validates-as-email\" aria-required=\"true\" aria-invalid=\"false\" placeholder=\"Adres email*\" value=\"\" type=\"email\" name=\"your-email\" \/><\/span>\n\t<\/p>\n<\/div>\n<div class=\"\">\n\t<p><span class=\"wpcf7-form-control-wrap\" data-name=\"your-topic\"><input size=\"40\" maxlength=\"400\" class=\"wpcf7-form-control wpcf7-text wpcf7-validates-as-required\" aria-required=\"true\" aria-invalid=\"false\" placeholder=\"Temat*\" value=\"\" type=\"text\" name=\"your-topic\" \/><\/span>\n\t<\/p>\n<\/div>\n<div class=\"\">\n\t<p><span class=\"wpcf7-form-control-wrap\" data-name=\"your-message\"><textarea cols=\"40\" rows=\"10\" maxlength=\"2000\" class=\"wpcf7-form-control wpcf7-textarea wpcf7-validates-as-required\" aria-required=\"true\" aria-invalid=\"false\" placeholder=\"Wiadomo\u015b\u0107*\" name=\"your-message\"><\/textarea><\/span>\n\t<\/p>\n<\/div>\n<div class=\"form__submit\">\n\t<div class=\"\" style=\"margin:8px 0;\">\n\t\t<p><span class=\"wpcf7-form-control-wrap\" data-name=\"rodo\"><span class=\"wpcf7-form-control wpcf7-acceptance\"><span class=\"wpcf7-list-item\"><label><input type=\"checkbox\" name=\"rodo\" value=\"1\" aria-invalid=\"false\" \/><span class=\"wpcf7-list-item-label\">*Ich stimme der Verarbeitung meiner im Formular enthaltenen pers\u00f6nlichen Daten gem\u00e4\u00df <a href=\"\/polityka-prywatnosci\/\">RODO zu.<\/a><\/span><\/label><\/span><\/span><\/span>\n\t\t<\/p>\n\t<\/div>\n\t<div class=\"submit-box\">\n\t\t<p><input class=\"wpcf7-form-control wpcf7-submit has-spinner\" type=\"submit\" value=\"Absenden\" \/>\n\t\t<\/p>\n\t<\/div>\n<\/div><div class=\"wpcf7-response-output\" aria-hidden=\"true\"><\/div>\n<\/form>\n<\/div>\n\n<\/div>\n<\/div>\n<\/div><\/div>\n\n<section id=\"kontakt\">\n  <p>  Haben Sie Fragen zu unserem Angebot? Interessieren Sie sich f\u00fcr die Details unserer Produkte, wie z.B. Laserschutzglas, oder unserer Dienstleistungen, wie z.B. Laserh\u00e4rten und -schwei\u00dfen? Wir sind f\u00fcr Sie da!  <\/p>\n  <p>  Das Expertenteam von Contrakt-Materials gibt Ihnen gerne Antworten, ber\u00e4t Sie zu den richtigen L\u00f6sungen und zeigt Ihnen, wie wir Ihre Produktionsprozesse unterst\u00fctzen k\u00f6nnen.  <\/p>\n  <p>  F\u00fcllen Sie das Kontaktformular auf unserer Website aus und wir werden Ihnen so schnell wie m\u00f6glich antworten. Wir bieten einen professionellen Ansatz, umfassende Unterst\u00fctzung und vollen Einsatz f\u00fcr Ihre Bed\u00fcrfnisse.  <\/p>\n  <h6>Warum sollten Sie uns kontaktieren?<\/h6>\n  <ul>\n    <li>Fachkundige technische Beratung<\/li>\n    <li>Hochwertige Produkte und L\u00f6sungen<\/li>\n    <li>Individueller Umgang mit dem Kunden<\/li>\n    <li>Unterst\u00fctzung in jeder Phase der Zusammenarbeit<\/li>\n  <\/ul>\n<\/section>\n\n","protected":false},"excerpt":{"rendered":"<p>F.H.U. Contrakt Adam Goik ul. Karpacka 11 40-216 Kattowitz NIP: 954-234-57-11 Telefon: +48 32 255 27 19Com: +48 500 012 573E-Mail: biuro@contrakt-materials.com.pl Gesch\u00e4ftsf\u00fchrung Adam Goik+48 32 255 27 19 Verkauf und Angebote\u0141ukasz Turowski +48 500 012 573 Haben Sie Fragen zu unserem Angebot? Interessieren Sie sich f\u00fcr die Details unserer Produkte, wie z.B. Laserschutzglas, oder [&hellip;]<\/p>\n","protected":false},"author":3,"featured_media":0,"parent":0,"menu_order":0,"comment_status":"closed","ping_status":"closed","template":"","meta":{"site-sidebar-layout":"no-sidebar","site-content-layout":"plain-container","ast-site-content-layout":"normal-width-container","site-content-style":"unboxed","site-sidebar-style":"unboxed","ast-global-header-display":"","ast-banner-title-visibility":"","ast-main-header-display":"","ast-hfb-above-header-display":"","ast-hfb-below-header-display":"","ast-hfb-mobile-header-display":"","site-post-title":"disabled","ast-breadcrumbs-content":"","ast-featured-img":"disabled","footer-sml-layout":"","theme-transparent-header-meta":"enabled","adv-header-id-meta":"","stick-header-meta":"","header-above-stick-meta":"","header-main-stick-meta":"","header-below-stick-meta":"","astra-migrate-meta-layouts":"default","ast-page-background-enabled":"default","ast-page-background-meta":{"desktop":{"background-color":"","background-image":"","background-repeat":"repeat","background-position":"center center","background-size":"auto","background-attachment":"scroll","background-type":"","background-media":"","overlay-type":"","overlay-color":"","overlay-opacity":"","overlay-gradient":""},"tablet":{"background-color":"","background-image":"","background-repeat":"repeat","background-position":"center center","background-size":"auto","background-attachment":"scroll","background-type":"","background-media":"","overlay-type":"","overlay-color":"","overlay-opacity":"","overlay-gradient":""},"mobile":{"background-color":"","background-image":"","background-repeat":"repeat","background-position":"center center","background-size":"auto","background-attachment":"scroll","background-type":"","background-media":"","overlay-type":"","overlay-color":"","overlay-opacity":"","overlay-gradient":""}},"ast-content-background-meta":{"desktop":{"background-color":"var(--ast-global-color-5)","background-image":"","background-repeat":"repeat","background-position":"center center","background-size":"auto","background-attachment":"scroll","background-type":"","background-media":"","overlay-type":"","overlay-color":"","overlay-opacity":"","overlay-gradient":""},"tablet":{"background-color":"var(--ast-global-color-5)","background-image":"","background-repeat":"repeat","background-position":"center center","background-size":"auto","background-attachment":"scroll","background-type":"","background-media":"","overlay-type":"","overlay-color":"","overlay-opacity":"","overlay-gradient":""},"mobile":{"background-color":"var(--ast-global-color-5)","background-image":"","background-repeat":"repeat","background-position":"center center","background-size":"auto","background-attachment":"scroll","background-type":"","background-media":"","overlay-type":"","overlay-color":"","overlay-opacity":"","overlay-gradient":""}},"footnotes":""},"class_list":["post-2333","page","type-page","status-publish","hentry"],"yoast_head":"<!-- This site is optimized with the Yoast SEO plugin v23.5 - https:\/\/yoast.com\/wordpress\/plugins\/seo\/ -->\n<title>Kontakt - f\u00fchrend bei Schutzgl\u00e4sern f\u00fcr Laser<\/title>\n<meta name=\"description\" content=\"Wenden Sie sich an den Marktf\u00fchrer f\u00fcr Schutzglas f\u00fcr Laser. Wir bieten professionelle Unterst\u00fctzung bei der Laserbearbeitung, dem Laserh\u00e4rten und dem Laserschwei\u00dfen.\" \/>\n<meta name=\"robots\" content=\"index, follow, max-snippet:-1, max-image-preview:large, max-video-preview:-1\" \/>\n<link rel=\"canonical\" href=\"https:\/\/www.contrakt-materials.com.pl\/de\/kontakt\/\" \/>\n<meta property=\"og:locale\" content=\"de_DE\" \/>\n<meta property=\"og:type\" content=\"article\" \/>\n<meta property=\"og:title\" content=\"Kontakt - f\u00fchrend bei Schutzgl\u00e4sern f\u00fcr Laser\" \/>\n<meta property=\"og:description\" content=\"Wenden Sie sich an den Marktf\u00fchrer f\u00fcr Schutzglas f\u00fcr Laser. Wir bieten professionelle Unterst\u00fctzung bei der Laserbearbeitung, dem Laserh\u00e4rten und dem Laserschwei\u00dfen.\" \/>\n<meta property=\"og:url\" content=\"https:\/\/www.contrakt-materials.com.pl\/de\/kontakt\/\" \/>\n<meta property=\"article:publisher\" content=\"https:\/\/www.facebook.com\/contrakt.katowice\" \/>\n<meta property=\"article:modified_time\" content=\"2024-11-19T01:29:14+00:00\" \/>\n<meta property=\"og:image\" content=\"https:\/\/contrakt-materials.com.pl\/wp-content\/uploads\/2022\/12\/kim-1.jpg\" \/>\n<meta name=\"twitter:card\" content=\"summary_large_image\" \/>\n<meta name=\"twitter:label1\" content=\"Gesch\u00e4tzte Lesezeit\" \/>\n\t<meta name=\"twitter:data1\" content=\"1\u00a0Minute\" \/>\n<script type=\"application\/ld+json\" class=\"yoast-schema-graph\">{\"@context\":\"https:\/\/schema.org\",\"@graph\":[{\"@type\":\"WebPage\",\"@id\":\"https:\/\/www.contrakt-materials.com.pl\/de\/kontakt\/\",\"url\":\"https:\/\/www.contrakt-materials.com.pl\/de\/kontakt\/\",\"name\":\"Kontakt - f\u00fchrend bei Schutzgl\u00e4sern f\u00fcr Laser\",\"isPartOf\":{\"@id\":\"https:\/\/www.contrakt-materials.com.pl\/de\/#website\"},\"primaryImageOfPage\":{\"@id\":\"https:\/\/www.contrakt-materials.com.pl\/de\/kontakt\/#primaryimage\"},\"image\":{\"@id\":\"https:\/\/www.contrakt-materials.com.pl\/de\/kontakt\/#primaryimage\"},\"thumbnailUrl\":\"https:\/\/contrakt-materials.com.pl\/wp-content\/uploads\/2022\/12\/kim-1.jpg\",\"datePublished\":\"2022-12-15T19:33:27+00:00\",\"dateModified\":\"2024-11-19T01:29:14+00:00\",\"description\":\"Wenden Sie sich an den Marktf\u00fchrer f\u00fcr Schutzglas f\u00fcr Laser. Wir bieten professionelle Unterst\u00fctzung bei der Laserbearbeitung, dem Laserh\u00e4rten und dem Laserschwei\u00dfen.\",\"breadcrumb\":{\"@id\":\"https:\/\/www.contrakt-materials.com.pl\/de\/kontakt\/#breadcrumb\"},\"inLanguage\":\"de\",\"potentialAction\":[{\"@type\":\"ReadAction\",\"target\":[\"https:\/\/www.contrakt-materials.com.pl\/de\/kontakt\/\"]}]},{\"@type\":\"ImageObject\",\"inLanguage\":\"de\",\"@id\":\"https:\/\/www.contrakt-materials.com.pl\/de\/kontakt\/#primaryimage\",\"url\":\"https:\/\/contrakt-materials.com.pl\/wp-content\/uploads\/2022\/12\/kim-1.jpg\",\"contentUrl\":\"https:\/\/contrakt-materials.com.pl\/wp-content\/uploads\/2022\/12\/kim-1.jpg\"},{\"@type\":\"BreadcrumbList\",\"@id\":\"https:\/\/www.contrakt-materials.com.pl\/de\/kontakt\/#breadcrumb\",\"itemListElement\":[{\"@type\":\"ListItem\",\"position\":1,\"name\":\"Strona g\u0142\u00f3wna\",\"item\":\"https:\/\/www.contrakt-materials.com.pl\/de\/\"},{\"@type\":\"ListItem\",\"position\":2,\"name\":\"Kontakt\"}]},{\"@type\":\"WebSite\",\"@id\":\"https:\/\/www.contrakt-materials.com.pl\/de\/#website\",\"url\":\"https:\/\/www.contrakt-materials.com.pl\/de\/\",\"name\":\"Szk\u0142a ochronne do laser\u00f3w\",\"description\":\"\",\"publisher\":{\"@id\":\"https:\/\/www.contrakt-materials.com.pl\/de\/#organization\"},\"alternateName\":\"Szk\u0142a ochronne do g\u0142owic laserowych\",\"inLanguage\":\"de\"},{\"@type\":\"Organization\",\"@id\":\"https:\/\/www.contrakt-materials.com.pl\/de\/#organization\",\"name\":\"CONTRAKT-MATERIALS\",\"alternateName\":\"Syk\u0142a ochronne do g\u0142owic laserowych\",\"url\":\"https:\/\/www.contrakt-materials.com.pl\/de\/\",\"logo\":{\"@type\":\"ImageObject\",\"inLanguage\":\"de\",\"@id\":\"https:\/\/www.contrakt-materials.com.pl\/de\/#\/schema\/logo\/image\/\",\"url\":\"https:\/\/www.contrakt-materials.com.pl\/wp-content\/uploads\/2022\/11\/cropped-cropped-contrakt-logo.png\",\"contentUrl\":\"https:\/\/www.contrakt-materials.com.pl\/wp-content\/uploads\/2022\/11\/cropped-cropped-contrakt-logo.png\",\"width\":96,\"height\":55,\"caption\":\"CONTRAKT-MATERIALS\"},\"image\":{\"@id\":\"https:\/\/www.contrakt-materials.com.pl\/de\/#\/schema\/logo\/image\/\"},\"sameAs\":[\"https:\/\/www.facebook.com\/contrakt.katowice\"]}]}<\/script>\n<!-- \/ Yoast SEO plugin. -->","yoast_head_json":{"title":"Kontakt - f\u00fchrend bei Schutzgl\u00e4sern f\u00fcr Laser","description":"Wenden Sie sich an den Marktf\u00fchrer f\u00fcr Schutzglas f\u00fcr Laser. Wir bieten professionelle Unterst\u00fctzung bei der Laserbearbeitung, dem Laserh\u00e4rten und dem Laserschwei\u00dfen.","robots":{"index":"index","follow":"follow","max-snippet":"max-snippet:-1","max-image-preview":"max-image-preview:large","max-video-preview":"max-video-preview:-1"},"canonical":"https:\/\/www.contrakt-materials.com.pl\/de\/kontakt\/","og_locale":"de_DE","og_type":"article","og_title":"Kontakt - f\u00fchrend bei Schutzgl\u00e4sern f\u00fcr Laser","og_description":"Wenden Sie sich an den Marktf\u00fchrer f\u00fcr Schutzglas f\u00fcr Laser. Wir bieten professionelle Unterst\u00fctzung bei der Laserbearbeitung, dem Laserh\u00e4rten und dem Laserschwei\u00dfen.","og_url":"https:\/\/www.contrakt-materials.com.pl\/de\/kontakt\/","article_publisher":"https:\/\/www.facebook.com\/contrakt.katowice","article_modified_time":"2024-11-19T01:29:14+00:00","og_image":[{"url":"https:\/\/contrakt-materials.com.pl\/wp-content\/uploads\/2022\/12\/kim-1.jpg"}],"twitter_card":"summary_large_image","twitter_misc":{"Gesch\u00e4tzte Lesezeit":"1\u00a0Minute"},"schema":{"@context":"https:\/\/schema.org","@graph":[{"@type":"WebPage","@id":"https:\/\/www.contrakt-materials.com.pl\/de\/kontakt\/","url":"https:\/\/www.contrakt-materials.com.pl\/de\/kontakt\/","name":"Kontakt - f\u00fchrend bei Schutzgl\u00e4sern f\u00fcr Laser","isPartOf":{"@id":"https:\/\/www.contrakt-materials.com.pl\/de\/#website"},"primaryImageOfPage":{"@id":"https:\/\/www.contrakt-materials.com.pl\/de\/kontakt\/#primaryimage"},"image":{"@id":"https:\/\/www.contrakt-materials.com.pl\/de\/kontakt\/#primaryimage"},"thumbnailUrl":"https:\/\/contrakt-materials.com.pl\/wp-content\/uploads\/2022\/12\/kim-1.jpg","datePublished":"2022-12-15T19:33:27+00:00","dateModified":"2024-11-19T01:29:14+00:00","description":"Wenden Sie sich an den Marktf\u00fchrer f\u00fcr Schutzglas f\u00fcr Laser. Wir bieten professionelle Unterst\u00fctzung bei der Laserbearbeitung, dem Laserh\u00e4rten und dem Laserschwei\u00dfen.","breadcrumb":{"@id":"https:\/\/www.contrakt-materials.com.pl\/de\/kontakt\/#breadcrumb"},"inLanguage":"de","potentialAction":[{"@type":"ReadAction","target":["https:\/\/www.contrakt-materials.com.pl\/de\/kontakt\/"]}]},{"@type":"ImageObject","inLanguage":"de","@id":"https:\/\/www.contrakt-materials.com.pl\/de\/kontakt\/#primaryimage","url":"https:\/\/contrakt-materials.com.pl\/wp-content\/uploads\/2022\/12\/kim-1.jpg","contentUrl":"https:\/\/contrakt-materials.com.pl\/wp-content\/uploads\/2022\/12\/kim-1.jpg"},{"@type":"BreadcrumbList","@id":"https:\/\/www.contrakt-materials.com.pl\/de\/kontakt\/#breadcrumb","itemListElement":[{"@type":"ListItem","position":1,"name":"Strona g\u0142\u00f3wna","item":"https:\/\/www.contrakt-materials.com.pl\/de\/"},{"@type":"ListItem","position":2,"name":"Kontakt"}]},{"@type":"WebSite","@id":"https:\/\/www.contrakt-materials.com.pl\/de\/#website","url":"https:\/\/www.contrakt-materials.com.pl\/de\/","name":"Szk\u0142a ochronne do laser\u00f3w","description":"","publisher":{"@id":"https:\/\/www.contrakt-materials.com.pl\/de\/#organization"},"alternateName":"Szk\u0142a ochronne do g\u0142owic laserowych","inLanguage":"de"},{"@type":"Organization","@id":"https:\/\/www.contrakt-materials.com.pl\/de\/#organization","name":"CONTRAKT-MATERIALS","alternateName":"Syk\u0142a ochronne do g\u0142owic laserowych","url":"https:\/\/www.contrakt-materials.com.pl\/de\/","logo":{"@type":"ImageObject","inLanguage":"de","@id":"https:\/\/www.contrakt-materials.com.pl\/de\/#\/schema\/logo\/image\/","url":"https:\/\/www.contrakt-materials.com.pl\/wp-content\/uploads\/2022\/11\/cropped-cropped-contrakt-logo.png","contentUrl":"https:\/\/www.contrakt-materials.com.pl\/wp-content\/uploads\/2022\/11\/cropped-cropped-contrakt-logo.png","width":96,"height":55,"caption":"CONTRAKT-MATERIALS"},"image":{"@id":"https:\/\/www.contrakt-materials.com.pl\/de\/#\/schema\/logo\/image\/"},"sameAs":["https:\/\/www.facebook.com\/contrakt.katowice"]}]}},"_links":{"self":[{"href":"https:\/\/www.contrakt-materials.com.pl\/de\/wp-json\/wp\/v2\/pages\/2333","targetHints":{"allow":["GET"]}}],"collection":[{"href":"https:\/\/www.contrakt-materials.com.pl\/de\/wp-json\/wp\/v2\/pages"}],"about":[{"href":"https:\/\/www.contrakt-materials.com.pl\/de\/wp-json\/wp\/v2\/types\/page"}],"author":[{"embeddable":true,"href":"https:\/\/www.contrakt-materials.com.pl\/de\/wp-json\/wp\/v2\/users\/3"}],"replies":[{"embeddable":true,"href":"https:\/\/www.contrakt-materials.com.pl\/de\/wp-json\/wp\/v2\/comments?post=2333"}],"version-history":[{"count":5,"href":"https:\/\/www.contrakt-materials.com.pl\/de\/wp-json\/wp\/v2\/pages\/2333\/revisions"}],"predecessor-version":[{"id":3308,"href":"https:\/\/www.contrakt-materials.com.pl\/de\/wp-json\/wp\/v2\/pages\/2333\/revisions\/3308"}],"wp:attachment":[{"href":"https:\/\/www.contrakt-materials.com.pl\/de\/wp-json\/wp\/v2\/media?parent=2333"}],"curies":[{"name":"wp","href":"https:\/\/api.w.org\/{rel}","templated":true}]}}