{"id":2335,"date":"2023-01-09T18:59:50","date_gmt":"2023-01-09T17:59:50","guid":{"rendered":"https:\/\/contraktlaser.arestate.pl\/hartowanie-laserowe\/"},"modified":"2023-03-21T17:49:24","modified_gmt":"2023-03-21T16:49:24","slug":"laserharten","status":"publish","type":"page","link":"https:\/\/www.contrakt-materials.com.pl\/de\/laserharten\/","title":{"rendered":"Laserh\u00e4rten"},"content":{"rendered":"\n<div style=\"height:96px\" aria-hidden=\"true\" class=\"wp-block-spacer\"><\/div>\n\n\n\n<div class=\"wp-block-cover alignfull\" style=\"min-height:50px;aspect-ratio:unset;\"><span aria-hidden=\"true\" class=\"wp-block-cover__background has-background-dim-0 has-background-dim\"><\/span><img loading=\"lazy\" decoding=\"async\" width=\"1440\" height=\"337\" class=\"wp-block-cover__image-background wp-image-1996\" alt=\"Hartowanie\" src=\"https:\/\/www.contrakt-materials.com.pl\/wp-content\/uploads\/2023\/01\/hartowanie-1.jpg\" data-object-fit=\"cover\" srcset=\"https:\/\/www.contrakt-materials.com.pl\/wp-content\/uploads\/2023\/01\/hartowanie-1.jpg 1440w, https:\/\/www.contrakt-materials.com.pl\/wp-content\/uploads\/2023\/01\/hartowanie-1-300x70.jpg 300w, https:\/\/www.contrakt-materials.com.pl\/wp-content\/uploads\/2023\/01\/hartowanie-1-1024x240.jpg 1024w, https:\/\/www.contrakt-materials.com.pl\/wp-content\/uploads\/2023\/01\/hartowanie-1-768x180.jpg 768w\" sizes=\"auto, (max-width: 1440px) 100vw, 1440px\" \/><div class=\"wp-block-cover__inner-container is-layout-flow wp-block-cover-is-layout-flow\">\n<div style=\"height:80px\" aria-hidden=\"true\" class=\"wp-block-spacer\"><\/div>\n\n\n\n<h1 class=\"has-ast-global-color-5-color has-text-color wp-block-heading\">Laserh\u00e4rten<\/h1>\n\n\n\n<div style=\"height:80px\" aria-hidden=\"true\" class=\"wp-block-spacer\"><\/div>\n<\/div><\/div>\n\n\n\n<div class=\"inherit-container-width wp-block-group is-layout-constrained wp-block-group-is-layout-constrained\"><div class=\"wp-block-group__inner-container\">\n<div class=\"wp-block-columns is-layout-flex wp-container-core-columns-is-layout-28f84493 wp-block-columns-is-layout-flex\">\n<div class=\"wp-block-column is-layout-flow wp-block-column-is-layout-flow\">\n<p class=\"has-ast-global-color-1-color has-text-color has-medium-font-size\">Laserh\u00e4rten ist die modernste Oberfl\u00e4chenh\u00e4rtetechnologie.<\/p>\n\n\n\n<p class=\"has-ast-global-color-1-color has-text-color has-medium-font-size\">Der 6-Achs-Roboter, auf dem der Laserh\u00e4rtekopf montiert ist, gew\u00e4hrleistet Pr\u00e4zision und Wiederholbarkeit, dank derer wir selektiv genau den Bereich h\u00e4rten k\u00f6nnen, den wir h\u00e4rten m\u00f6chten, wodurch die unn\u00f6tige Einf\u00fchrung unn\u00f6tiger Energie in das verarbeitete Detail vermieden wird und gleichzeitig die H\u00e4rtungsverformungen minimiert werden.<\/p>\n\n\n\n<p class=\"has-ast-global-color-1-color has-text-color has-medium-font-size\">Alle Materialien mit einer chemischen Zusammensetzung von mehr als 0,2 % Kohlenstoff k\u00f6nnen lasergeh\u00e4rtet werden \u2013 also alle verf\u00fcgbaren Materialien, die zum H\u00e4rten vorgesehen sind.<\/p>\n\n\n\n<p class=\"has-ast-global-color-1-color has-text-color has-medium-font-size\">Die maximale Einh\u00e4rtetiefe betr\u00e4gt 2,5 mm.<\/p>\n<\/div>\n\n\n\n<div class=\"wp-block-column is-layout-flow wp-block-column-is-layout-flow\">\n<figure class=\"wp-block-image size-large\"><img loading=\"lazy\" decoding=\"async\" width=\"1024\" height=\"683\" src=\"https:\/\/www.contrakt-materials.com.pl\/wp-content\/uploads\/2023\/03\/hartownie-1024x683.jpeg\" alt=\"\" class=\"wp-image-2461\" srcset=\"https:\/\/www.contrakt-materials.com.pl\/wp-content\/uploads\/2023\/03\/hartownie-1024x683.jpeg 1024w, https:\/\/www.contrakt-materials.com.pl\/wp-content\/uploads\/2023\/03\/hartownie-300x200.jpeg 300w, https:\/\/www.contrakt-materials.com.pl\/wp-content\/uploads\/2023\/03\/hartownie-768x512.jpeg 768w, https:\/\/www.contrakt-materials.com.pl\/wp-content\/uploads\/2023\/03\/hartownie-2048x1365.jpeg 2048w\" sizes=\"auto, (max-width: 1024px) 100vw, 1024px\" \/><\/figure>\n<\/div>\n<\/div>\n<\/div><\/div>\n\n\n","protected":false},"excerpt":{"rendered":"<p>Laserh\u00e4rten ist die modernste Oberfl\u00e4chenh\u00e4rtetechnologie. Der 6-Achs-Roboter, auf dem der Laserh\u00e4rtekopf montiert ist, gew\u00e4hrleistet Pr\u00e4zision und Wiederholbarkeit, dank derer wir selektiv genau den Bereich h\u00e4rten k\u00f6nnen, den wir h\u00e4rten m\u00f6chten, wodurch die unn\u00f6tige Einf\u00fchrung unn\u00f6tiger Energie in das verarbeitete Detail vermieden wird und gleichzeitig die H\u00e4rtungsverformungen minimiert werden. Alle Materialien mit einer chemischen Zusammensetzung von [&hellip;]<\/p>\n","protected":false},"author":3,"featured_media":0,"parent":0,"menu_order":0,"comment_status":"closed","ping_status":"closed","template":"","meta":{"site-sidebar-layout":"no-sidebar","site-content-layout":"plain-container","ast-site-content-layout":"normal-width-container","site-content-style":"unboxed","site-sidebar-style":"unboxed","ast-global-header-display":"","ast-banner-title-visibility":"","ast-main-header-display":"","ast-hfb-above-header-display":"","ast-hfb-below-header-display":"","ast-hfb-mobile-header-display":"","site-post-title":"disabled","ast-breadcrumbs-content":"","ast-featured-img":"disabled","footer-sml-layout":"","theme-transparent-header-meta":"enabled","adv-header-id-meta":"","stick-header-meta":"","header-above-stick-meta":"","header-main-stick-meta":"","header-below-stick-meta":"","astra-migrate-meta-layouts":"default","ast-page-background-enabled":"default","ast-page-background-meta":{"desktop":{"background-color":"","background-image":"","background-repeat":"repeat","background-position":"center center","background-size":"auto","background-attachment":"scroll","background-type":"","background-media":"","overlay-type":"","overlay-color":"","overlay-opacity":"","overlay-gradient":""},"tablet":{"background-color":"","background-image":"","background-repeat":"repeat","background-position":"center center","background-size":"auto","background-attachment":"scroll","background-type":"","background-media":"","overlay-type":"","overlay-color":"","overlay-opacity":"","overlay-gradient":""},"mobile":{"background-color":"","background-image":"","background-repeat":"repeat","background-position":"center center","background-size":"auto","background-attachment":"scroll","background-type":"","background-media":"","overlay-type":"","overlay-color":"","overlay-opacity":"","overlay-gradient":""}},"ast-content-background-meta":{"desktop":{"background-color":"var(--ast-global-color-5)","background-image":"","background-repeat":"repeat","background-position":"center center","background-size":"auto","background-attachment":"scroll","background-type":"","background-media":"","overlay-type":"","overlay-color":"","overlay-opacity":"","overlay-gradient":""},"tablet":{"background-color":"var(--ast-global-color-5)","background-image":"","background-repeat":"repeat","background-position":"center center","background-size":"auto","background-attachment":"scroll","background-type":"","background-media":"","overlay-type":"","overlay-color":"","overlay-opacity":"","overlay-gradient":""},"mobile":{"background-color":"var(--ast-global-color-5)","background-image":"","background-repeat":"repeat","background-position":"center center","background-size":"auto","background-attachment":"scroll","background-type":"","background-media":"","overlay-type":"","overlay-color":"","overlay-opacity":"","overlay-gradient":""}},"footnotes":""},"class_list":["post-2335","page","type-page","status-publish","hentry"],"yoast_head":"<!-- This site is optimized with the Yoast SEO plugin v23.5 - https:\/\/yoast.com\/wordpress\/plugins\/seo\/ -->\n<title>Laserh\u00e4rten - Szk\u0142a ochronne do laser\u00f3w i g\u0142owic laserowych<\/title>\n<meta name=\"description\" content=\"Szk\u0142a ochronne do laser\u00f3w i g\u0142owic laserowych. Wsparcie w procesach obr\u00f3bki laserowej: hartowanie, napawanie i ci\u0119cie laserowe. Druty spawalnicze do natrysku cieplnego.\" \/>\n<meta name=\"robots\" content=\"index, follow, max-snippet:-1, max-image-preview:large, max-video-preview:-1\" \/>\n<link rel=\"canonical\" href=\"https:\/\/www.contrakt-materials.com.pl\/de\/laserharten\/\" \/>\n<meta property=\"og:locale\" content=\"de_DE\" \/>\n<meta property=\"og:type\" content=\"article\" \/>\n<meta property=\"og:title\" content=\"Laserh\u00e4rten - Szk\u0142a ochronne do laser\u00f3w i g\u0142owic laserowych\" \/>\n<meta property=\"og:description\" content=\"Szk\u0142a ochronne do laser\u00f3w i g\u0142owic laserowych. Wsparcie w procesach obr\u00f3bki laserowej: hartowanie, napawanie i ci\u0119cie laserowe. Druty spawalnicze do natrysku cieplnego.\" \/>\n<meta property=\"og:url\" content=\"https:\/\/www.contrakt-materials.com.pl\/de\/laserharten\/\" \/>\n<meta property=\"article:publisher\" content=\"https:\/\/www.facebook.com\/contrakt.katowice\" \/>\n<meta property=\"article:modified_time\" content=\"2023-03-21T16:49:24+00:00\" \/>\n<meta property=\"og:image\" content=\"https:\/\/www.contrakt-materials.com.pl\/wp-content\/uploads\/2023\/01\/hartowanie-1.jpg\" \/>\n<meta name=\"twitter:card\" content=\"summary_large_image\" \/>\n<meta name=\"twitter:label1\" content=\"Gesch\u00e4tzte Lesezeit\" \/>\n\t<meta name=\"twitter:data1\" content=\"1\u00a0Minute\" \/>\n<script type=\"application\/ld+json\" class=\"yoast-schema-graph\">{\"@context\":\"https:\/\/schema.org\",\"@graph\":[{\"@type\":\"WebPage\",\"@id\":\"https:\/\/www.contrakt-materials.com.pl\/de\/laserharten\/\",\"url\":\"https:\/\/www.contrakt-materials.com.pl\/de\/laserharten\/\",\"name\":\"Laserh\u00e4rten - Szk\u0142a ochronne do laser\u00f3w i g\u0142owic laserowych\",\"isPartOf\":{\"@id\":\"https:\/\/www.contrakt-materials.com.pl\/de\/#website\"},\"primaryImageOfPage\":{\"@id\":\"https:\/\/www.contrakt-materials.com.pl\/de\/laserharten\/#primaryimage\"},\"image\":{\"@id\":\"https:\/\/www.contrakt-materials.com.pl\/de\/laserharten\/#primaryimage\"},\"thumbnailUrl\":\"https:\/\/www.contrakt-materials.com.pl\/wp-content\/uploads\/2023\/01\/hartowanie-1.jpg\",\"datePublished\":\"2023-01-09T17:59:50+00:00\",\"dateModified\":\"2023-03-21T16:49:24+00:00\",\"description\":\"Szk\u0142a ochronne do laser\u00f3w i g\u0142owic laserowych. Wsparcie w procesach obr\u00f3bki laserowej: hartowanie, napawanie i ci\u0119cie laserowe. Druty spawalnicze do natrysku cieplnego.\",\"breadcrumb\":{\"@id\":\"https:\/\/www.contrakt-materials.com.pl\/de\/laserharten\/#breadcrumb\"},\"inLanguage\":\"de\",\"potentialAction\":[{\"@type\":\"ReadAction\",\"target\":[\"https:\/\/www.contrakt-materials.com.pl\/de\/laserharten\/\"]}]},{\"@type\":\"ImageObject\",\"inLanguage\":\"de\",\"@id\":\"https:\/\/www.contrakt-materials.com.pl\/de\/laserharten\/#primaryimage\",\"url\":\"https:\/\/www.contrakt-materials.com.pl\/wp-content\/uploads\/2023\/01\/hartowanie-1.jpg\",\"contentUrl\":\"https:\/\/www.contrakt-materials.com.pl\/wp-content\/uploads\/2023\/01\/hartowanie-1.jpg\"},{\"@type\":\"BreadcrumbList\",\"@id\":\"https:\/\/www.contrakt-materials.com.pl\/de\/laserharten\/#breadcrumb\",\"itemListElement\":[{\"@type\":\"ListItem\",\"position\":1,\"name\":\"Strona g\u0142\u00f3wna\",\"item\":\"https:\/\/www.contrakt-materials.com.pl\/de\/\"},{\"@type\":\"ListItem\",\"position\":2,\"name\":\"Laserh\u00e4rten\"}]},{\"@type\":\"WebSite\",\"@id\":\"https:\/\/www.contrakt-materials.com.pl\/de\/#website\",\"url\":\"https:\/\/www.contrakt-materials.com.pl\/de\/\",\"name\":\"Szk\u0142a ochronne do laser\u00f3w\",\"description\":\"\",\"publisher\":{\"@id\":\"https:\/\/www.contrakt-materials.com.pl\/de\/#organization\"},\"alternateName\":\"Szk\u0142a ochronne do g\u0142owic laserowych\",\"inLanguage\":\"de\"},{\"@type\":\"Organization\",\"@id\":\"https:\/\/www.contrakt-materials.com.pl\/de\/#organization\",\"name\":\"CONTRAKT-MATERIALS\",\"alternateName\":\"Syk\u0142a ochronne do g\u0142owic laserowych\",\"url\":\"https:\/\/www.contrakt-materials.com.pl\/de\/\",\"logo\":{\"@type\":\"ImageObject\",\"inLanguage\":\"de\",\"@id\":\"https:\/\/www.contrakt-materials.com.pl\/de\/#\/schema\/logo\/image\/\",\"url\":\"https:\/\/www.contrakt-materials.com.pl\/wp-content\/uploads\/2022\/11\/cropped-cropped-contrakt-logo.png\",\"contentUrl\":\"https:\/\/www.contrakt-materials.com.pl\/wp-content\/uploads\/2022\/11\/cropped-cropped-contrakt-logo.png\",\"width\":96,\"height\":55,\"caption\":\"CONTRAKT-MATERIALS\"},\"image\":{\"@id\":\"https:\/\/www.contrakt-materials.com.pl\/de\/#\/schema\/logo\/image\/\"},\"sameAs\":[\"https:\/\/www.facebook.com\/contrakt.katowice\"]}]}<\/script>\n<!-- \/ Yoast SEO plugin. -->","yoast_head_json":{"title":"Laserh\u00e4rten - Szk\u0142a ochronne do laser\u00f3w i g\u0142owic laserowych","description":"Szk\u0142a ochronne do laser\u00f3w i g\u0142owic laserowych. Wsparcie w procesach obr\u00f3bki laserowej: hartowanie, napawanie i ci\u0119cie laserowe. Druty spawalnicze do natrysku cieplnego.","robots":{"index":"index","follow":"follow","max-snippet":"max-snippet:-1","max-image-preview":"max-image-preview:large","max-video-preview":"max-video-preview:-1"},"canonical":"https:\/\/www.contrakt-materials.com.pl\/de\/laserharten\/","og_locale":"de_DE","og_type":"article","og_title":"Laserh\u00e4rten - Szk\u0142a ochronne do laser\u00f3w i g\u0142owic laserowych","og_description":"Szk\u0142a ochronne do laser\u00f3w i g\u0142owic laserowych. Wsparcie w procesach obr\u00f3bki laserowej: hartowanie, napawanie i ci\u0119cie laserowe. Druty spawalnicze do natrysku cieplnego.","og_url":"https:\/\/www.contrakt-materials.com.pl\/de\/laserharten\/","article_publisher":"https:\/\/www.facebook.com\/contrakt.katowice","article_modified_time":"2023-03-21T16:49:24+00:00","og_image":[{"url":"https:\/\/www.contrakt-materials.com.pl\/wp-content\/uploads\/2023\/01\/hartowanie-1.jpg"}],"twitter_card":"summary_large_image","twitter_misc":{"Gesch\u00e4tzte Lesezeit":"1\u00a0Minute"},"schema":{"@context":"https:\/\/schema.org","@graph":[{"@type":"WebPage","@id":"https:\/\/www.contrakt-materials.com.pl\/de\/laserharten\/","url":"https:\/\/www.contrakt-materials.com.pl\/de\/laserharten\/","name":"Laserh\u00e4rten - Szk\u0142a ochronne do laser\u00f3w i g\u0142owic laserowych","isPartOf":{"@id":"https:\/\/www.contrakt-materials.com.pl\/de\/#website"},"primaryImageOfPage":{"@id":"https:\/\/www.contrakt-materials.com.pl\/de\/laserharten\/#primaryimage"},"image":{"@id":"https:\/\/www.contrakt-materials.com.pl\/de\/laserharten\/#primaryimage"},"thumbnailUrl":"https:\/\/www.contrakt-materials.com.pl\/wp-content\/uploads\/2023\/01\/hartowanie-1.jpg","datePublished":"2023-01-09T17:59:50+00:00","dateModified":"2023-03-21T16:49:24+00:00","description":"Szk\u0142a ochronne do laser\u00f3w i g\u0142owic laserowych. Wsparcie w procesach obr\u00f3bki laserowej: hartowanie, napawanie i ci\u0119cie laserowe. Druty spawalnicze do natrysku cieplnego.","breadcrumb":{"@id":"https:\/\/www.contrakt-materials.com.pl\/de\/laserharten\/#breadcrumb"},"inLanguage":"de","potentialAction":[{"@type":"ReadAction","target":["https:\/\/www.contrakt-materials.com.pl\/de\/laserharten\/"]}]},{"@type":"ImageObject","inLanguage":"de","@id":"https:\/\/www.contrakt-materials.com.pl\/de\/laserharten\/#primaryimage","url":"https:\/\/www.contrakt-materials.com.pl\/wp-content\/uploads\/2023\/01\/hartowanie-1.jpg","contentUrl":"https:\/\/www.contrakt-materials.com.pl\/wp-content\/uploads\/2023\/01\/hartowanie-1.jpg"},{"@type":"BreadcrumbList","@id":"https:\/\/www.contrakt-materials.com.pl\/de\/laserharten\/#breadcrumb","itemListElement":[{"@type":"ListItem","position":1,"name":"Strona g\u0142\u00f3wna","item":"https:\/\/www.contrakt-materials.com.pl\/de\/"},{"@type":"ListItem","position":2,"name":"Laserh\u00e4rten"}]},{"@type":"WebSite","@id":"https:\/\/www.contrakt-materials.com.pl\/de\/#website","url":"https:\/\/www.contrakt-materials.com.pl\/de\/","name":"Szk\u0142a ochronne do laser\u00f3w","description":"","publisher":{"@id":"https:\/\/www.contrakt-materials.com.pl\/de\/#organization"},"alternateName":"Szk\u0142a ochronne do g\u0142owic laserowych","inLanguage":"de"},{"@type":"Organization","@id":"https:\/\/www.contrakt-materials.com.pl\/de\/#organization","name":"CONTRAKT-MATERIALS","alternateName":"Syk\u0142a ochronne do g\u0142owic laserowych","url":"https:\/\/www.contrakt-materials.com.pl\/de\/","logo":{"@type":"ImageObject","inLanguage":"de","@id":"https:\/\/www.contrakt-materials.com.pl\/de\/#\/schema\/logo\/image\/","url":"https:\/\/www.contrakt-materials.com.pl\/wp-content\/uploads\/2022\/11\/cropped-cropped-contrakt-logo.png","contentUrl":"https:\/\/www.contrakt-materials.com.pl\/wp-content\/uploads\/2022\/11\/cropped-cropped-contrakt-logo.png","width":96,"height":55,"caption":"CONTRAKT-MATERIALS"},"image":{"@id":"https:\/\/www.contrakt-materials.com.pl\/de\/#\/schema\/logo\/image\/"},"sameAs":["https:\/\/www.facebook.com\/contrakt.katowice"]}]}},"_links":{"self":[{"href":"https:\/\/www.contrakt-materials.com.pl\/de\/wp-json\/wp\/v2\/pages\/2335","targetHints":{"allow":["GET"]}}],"collection":[{"href":"https:\/\/www.contrakt-materials.com.pl\/de\/wp-json\/wp\/v2\/pages"}],"about":[{"href":"https:\/\/www.contrakt-materials.com.pl\/de\/wp-json\/wp\/v2\/types\/page"}],"author":[{"embeddable":true,"href":"https:\/\/www.contrakt-materials.com.pl\/de\/wp-json\/wp\/v2\/users\/3"}],"replies":[{"embeddable":true,"href":"https:\/\/www.contrakt-materials.com.pl\/de\/wp-json\/wp\/v2\/comments?post=2335"}],"version-history":[{"count":5,"href":"https:\/\/www.contrakt-materials.com.pl\/de\/wp-json\/wp\/v2\/pages\/2335\/revisions"}],"predecessor-version":[{"id":2588,"href":"https:\/\/www.contrakt-materials.com.pl\/de\/wp-json\/wp\/v2\/pages\/2335\/revisions\/2588"}],"wp:attachment":[{"href":"https:\/\/www.contrakt-materials.com.pl\/de\/wp-json\/wp\/v2\/media?parent=2335"}],"curies":[{"name":"wp","href":"https:\/\/api.w.org\/{rel}","templated":true}]}}