{"id":2337,"date":"2023-01-09T16:47:19","date_gmt":"2023-01-09T15:47:19","guid":{"rendered":"https:\/\/contraktlaser.arestate.pl\/uchwyty-ceramiczne-do-glowic-do-ciecia-laserowego\/"},"modified":"2024-11-19T02:09:15","modified_gmt":"2024-11-19T01:09:15","slug":"keramikhalter-fur-laserschneidkopfe","status":"publish","type":"page","link":"https:\/\/www.contrakt-materials.com.pl\/de\/keramikhalter-fur-laserschneidkopfe\/","title":{"rendered":"Keramikhalter f\u00fcr Laserschneidk\u00f6pfe"},"content":{"rendered":"\n<div style=\"height:96px\" aria-hidden=\"true\" class=\"wp-block-spacer\"><\/div>\n\n\n\n<div class=\"wp-block-cover alignfull\" style=\"min-height:50px;aspect-ratio:unset;\"><span aria-hidden=\"true\" class=\"wp-block-cover__background has-background-dim-0 has-background-dim\"><\/span><img loading=\"lazy\" decoding=\"async\" width=\"1440\" height=\"337\" class=\"wp-block-cover__image-background wp-image-1992\" alt=\"Uchwyty\" src=\"https:\/\/contrakt-materials.com.pl\/wp-content\/uploads\/2023\/01\/uchwyty-1.jpg\" data-object-fit=\"cover\" srcset=\"https:\/\/www.contrakt-materials.com.pl\/wp-content\/uploads\/2023\/01\/uchwyty-1.jpg 1440w, https:\/\/www.contrakt-materials.com.pl\/wp-content\/uploads\/2023\/01\/uchwyty-1-300x70.jpg 300w, https:\/\/www.contrakt-materials.com.pl\/wp-content\/uploads\/2023\/01\/uchwyty-1-1024x240.jpg 1024w, https:\/\/www.contrakt-materials.com.pl\/wp-content\/uploads\/2023\/01\/uchwyty-1-768x180.jpg 768w\" sizes=\"auto, (max-width: 1440px) 100vw, 1440px\" \/><div class=\"wp-block-cover__inner-container is-layout-flow wp-block-cover-is-layout-flow\">\n<div style=\"height:80px\" aria-hidden=\"true\" class=\"wp-block-spacer\"><\/div>\n\n\n\n<h1 class=\"wp-block-heading has-ast-global-color-5-color has-text-color\">Keramikhalter f\u00fcr Laserschneidk\u00f6pfe<\/h1>\n\n\n\n<div style=\"height:80px\" aria-hidden=\"true\" class=\"wp-block-spacer\"><\/div>\n<\/div><\/div>\n\n\n\n<div class=\"inherit-container-width wp-block-group mw-670 has-background is-layout-constrained wp-container-core-group-is-layout-92ac1812 wp-block-group-is-layout-constrained\" style=\"background-color:#f4f4f4;margin-top:60px;margin-bottom:60px;padding-top:44px;padding-right:54px;padding-bottom:44px;padding-left:54px\"><div class=\"wp-block-group__inner-container\">\n<p class=\"has-ast-global-color-1-color has-text-color has-medium-font-size\">W swojej ofercie posiadamy r\u00f3wnie\u017c uchwyty ceramiczne do g\u0142owic do <a href=\"https:\/\/contrakt-materials.com.pl\/ciecie-laserowe-i-giecie-na-prasach\/\" title=\"Ci\u00c4\u0099cia Laserowego\">ci\u0119cia laserowego<\/a>.<\/p>\n\n\n\n<p class=\"has-ast-global-color-1-color has-text-color has-medium-font-size\">Die von uns angebotenen Keramikhalter k\u00f6nnen in Maschinen aller Hersteller eingesetzt werden, wie zum Beispiel:<\/p>\n\n\n\n<ul style=\"margin-left:28px;font-style:normal;font-weight:500\" class=\"wp-block-list has-ast-global-color-0-color has-text-color has-medium-font-size\">\n<li><a href=\"https:\/\/www.trumpf.com\/pl_PL\/\" title=\"Trumpf\">Trumpf<\/a>,<\/li>\n\n\n\n<li><a href=\"https:\/\/www.amada.eu\/pl-pl\/\" title=\"Amada,\">Amada,<\/a><\/li>\n\n\n\n<li><a href=\"https:\/\/www.bystronic.com\/pol\/pl\" title=\"Bystronic,\">Bystronic,<\/a><\/li>\n\n\n\n<li>Highyag,<\/li>\n\n\n\n<li>Scansonic,<\/li>\n\n\n\n<li>Optoscan,<\/li>\n\n\n\n<li><a href=\"https:\/\/www.blackbird-robotics.de\/#\" title=\"Blackbird\">Blackbird<\/a>,<\/li>\n\n\n\n<li><a href=\"https:\/\/www.lasermech.com\/\" title=\"LaserMech\">LaserMech<\/a>,<\/li>\n\n\n\n<li>und viele mehr.<\/li>\n<\/ul>\n\n\n\n<p><\/p>\n<\/div><\/div>\n\n\n\n<div>\n<p>Wir bieten umfassende <strong>Beratung<\/strong> und <strong>Unterst\u00fctzung im Bereich Keramikhalter f\u00fcr Laserschneidk\u00f6pfe<\/strong>, die Stabilit\u00e4t und hohe Effizienz bei Schneidprozessen gew\u00e4hrleisten. Unsere L\u00f6sungen sind ideal f\u00fcr Unternehmen, die zuverl\u00e4ssige Komponenten zur Optimierung ihrer Laserschneidsysteme suchen.<\/p>\n\n<p><strong>Keramikhalter f\u00fcr Laserschneidk\u00f6pfe<\/strong> sind essenzielle Komponenten, die eine pr\u00e4zise Positionierung der Schneidk\u00f6pfe sowie deren Langlebigkeit sicherstellen. Dank der hervorragenden Eigenschaften von Keramik, wie hohe Hitzebest\u00e4ndigkeit und Verschlei\u00dffestigkeit, eignen sich diese Halter perfekt f\u00fcr anspruchsvolle Anwendungen im Laserschneiden. Sie minimieren das Risiko von Sch\u00e4den an den Schneidk\u00f6pfen und verl\u00e4ngern deren Lebensdauer.<\/p>\n\n<p>Wir bieten eine breite Auswahl an Keramikhaltern, die auf unterschiedliche Schneidk\u00f6pfe und spezifische Produktionsanforderungen abgestimmt sind. Unsere Experten stehen Ihnen zur Seite, um die passenden Halter auszuw\u00e4hlen, die eine optimale Schneidqualit\u00e4t und geringe Betriebskosten garantieren.<\/p>\n\n<p>Die Zusammenarbeit mit uns bedeutet h\u00f6chste Produktqualit\u00e4t, individuelle Beratung und professionellen Support in jeder Phase der Produktion. Kontaktieren Sie uns, um mehr dar\u00fcber zu erfahren, wie unsere Keramikhalter f\u00fcr Laserschneidk\u00f6pfe die Effizienz und Pr\u00e4zision Ihrer Schneidprozesse verbessern k\u00f6nnen.<\/p>\n\n<\/div>\n<\/hr>\n\n\n","protected":false},"excerpt":{"rendered":"<p>W swojej ofercie posiadamy r\u00f3wnie\u017c uchwyty ceramiczne do g\u0142owic do ci\u0119cia laserowego. Die von uns angebotenen Keramikhalter k\u00f6nnen in Maschinen aller Hersteller eingesetzt werden, wie zum Beispiel: Wir bieten umfassende Beratung und Unterst\u00fctzung im Bereich Keramikhalter f\u00fcr Laserschneidk\u00f6pfe, die Stabilit\u00e4t und hohe Effizienz bei Schneidprozessen gew\u00e4hrleisten. Unsere L\u00f6sungen sind ideal f\u00fcr Unternehmen, die zuverl\u00e4ssige Komponenten [&hellip;]<\/p>\n","protected":false},"author":3,"featured_media":0,"parent":0,"menu_order":0,"comment_status":"closed","ping_status":"closed","template":"","meta":{"site-sidebar-layout":"no-sidebar","site-content-layout":"plain-container","ast-site-content-layout":"normal-width-container","site-content-style":"unboxed","site-sidebar-style":"unboxed","ast-global-header-display":"","ast-banner-title-visibility":"","ast-main-header-display":"","ast-hfb-above-header-display":"","ast-hfb-below-header-display":"","ast-hfb-mobile-header-display":"","site-post-title":"disabled","ast-breadcrumbs-content":"","ast-featured-img":"disabled","footer-sml-layout":"","theme-transparent-header-meta":"enabled","adv-header-id-meta":"","stick-header-meta":"","header-above-stick-meta":"","header-main-stick-meta":"","header-below-stick-meta":"","astra-migrate-meta-layouts":"set","ast-page-background-enabled":"default","ast-page-background-meta":{"desktop":{"background-color":"","background-image":"","background-repeat":"repeat","background-position":"center center","background-size":"auto","background-attachment":"scroll","background-type":"","background-media":"","overlay-type":"","overlay-color":"","overlay-opacity":"","overlay-gradient":""},"tablet":{"background-color":"","background-image":"","background-repeat":"repeat","background-position":"center center","background-size":"auto","background-attachment":"scroll","background-type":"","background-media":"","overlay-type":"","overlay-color":"","overlay-opacity":"","overlay-gradient":""},"mobile":{"background-color":"","background-image":"","background-repeat":"repeat","background-position":"center center","background-size":"auto","background-attachment":"scroll","background-type":"","background-media":"","overlay-type":"","overlay-color":"","overlay-opacity":"","overlay-gradient":""}},"ast-content-background-meta":{"desktop":{"background-color":"var(--ast-global-color-5)","background-image":"","background-repeat":"repeat","background-position":"center center","background-size":"auto","background-attachment":"scroll","background-type":"","background-media":"","overlay-type":"","overlay-color":"","overlay-opacity":"","overlay-gradient":""},"tablet":{"background-color":"var(--ast-global-color-5)","background-image":"","background-repeat":"repeat","background-position":"center center","background-size":"auto","background-attachment":"scroll","background-type":"","background-media":"","overlay-type":"","overlay-color":"","overlay-opacity":"","overlay-gradient":""},"mobile":{"background-color":"var(--ast-global-color-5)","background-image":"","background-repeat":"repeat","background-position":"center center","background-size":"auto","background-attachment":"scroll","background-type":"","background-media":"","overlay-type":"","overlay-color":"","overlay-opacity":"","overlay-gradient":""}},"footnotes":""},"class_list":["post-2337","page","type-page","status-publish","hentry"],"yoast_head":"<!-- This site is optimized with the Yoast SEO plugin v23.5 - https:\/\/yoast.com\/wordpress\/plugins\/seo\/ -->\n<title>Keramikhalter f\u00fcr Laserschneidk\u00f6pfe -<\/title>\n<meta name=\"description\" content=\"Keramikhalterungen f\u00fcr Schneidlaserk\u00f6pfe. Unterst\u00fctzung bei Laserbearbeitungsprozessen: H\u00e4rten, Auftragschwei\u00dfen und Laserschneiden. Schwei\u00dfdr\u00e4hte f\u00fcr thermisches Spritzen.\" \/>\n<meta name=\"robots\" content=\"index, follow, max-snippet:-1, max-image-preview:large, max-video-preview:-1\" \/>\n<link rel=\"canonical\" href=\"https:\/\/www.contrakt-materials.com.pl\/de\/keramikhalter-fur-laserschneidkopfe\/\" \/>\n<meta property=\"og:locale\" content=\"de_DE\" \/>\n<meta property=\"og:type\" content=\"article\" \/>\n<meta property=\"og:title\" content=\"Keramikhalter f\u00fcr Laserschneidk\u00f6pfe -\" \/>\n<meta property=\"og:description\" content=\"Keramikhalterungen f\u00fcr Schneidlaserk\u00f6pfe. Unterst\u00fctzung bei Laserbearbeitungsprozessen: H\u00e4rten, Auftragschwei\u00dfen und Laserschneiden. Schwei\u00dfdr\u00e4hte f\u00fcr thermisches Spritzen.\" \/>\n<meta property=\"og:url\" content=\"https:\/\/www.contrakt-materials.com.pl\/de\/keramikhalter-fur-laserschneidkopfe\/\" \/>\n<meta property=\"article:publisher\" content=\"https:\/\/www.facebook.com\/contrakt.katowice\" \/>\n<meta property=\"article:modified_time\" content=\"2024-11-19T01:09:15+00:00\" \/>\n<meta property=\"og:image\" content=\"https:\/\/contrakt-materials.com.pl\/wp-content\/uploads\/2023\/01\/uchwyty-1.jpg\" \/>\n<meta name=\"twitter:card\" content=\"summary_large_image\" \/>\n<meta name=\"twitter:label1\" content=\"Gesch\u00e4tzte Lesezeit\" \/>\n\t<meta name=\"twitter:data1\" content=\"2\u00a0Minuten\" \/>\n<script type=\"application\/ld+json\" class=\"yoast-schema-graph\">{\"@context\":\"https:\/\/schema.org\",\"@graph\":[{\"@type\":\"WebPage\",\"@id\":\"https:\/\/www.contrakt-materials.com.pl\/de\/keramikhalter-fur-laserschneidkopfe\/\",\"url\":\"https:\/\/www.contrakt-materials.com.pl\/de\/keramikhalter-fur-laserschneidkopfe\/\",\"name\":\"Keramikhalter f\u00fcr Laserschneidk\u00f6pfe -\",\"isPartOf\":{\"@id\":\"https:\/\/www.contrakt-materials.com.pl\/de\/#website\"},\"primaryImageOfPage\":{\"@id\":\"https:\/\/www.contrakt-materials.com.pl\/de\/keramikhalter-fur-laserschneidkopfe\/#primaryimage\"},\"image\":{\"@id\":\"https:\/\/www.contrakt-materials.com.pl\/de\/keramikhalter-fur-laserschneidkopfe\/#primaryimage\"},\"thumbnailUrl\":\"https:\/\/contrakt-materials.com.pl\/wp-content\/uploads\/2023\/01\/uchwyty-1.jpg\",\"datePublished\":\"2023-01-09T15:47:19+00:00\",\"dateModified\":\"2024-11-19T01:09:15+00:00\",\"description\":\"Keramikhalterungen f\u00fcr Schneidlaserk\u00f6pfe. Unterst\u00fctzung bei Laserbearbeitungsprozessen: H\u00e4rten, Auftragschwei\u00dfen und Laserschneiden. Schwei\u00dfdr\u00e4hte f\u00fcr thermisches Spritzen.\",\"breadcrumb\":{\"@id\":\"https:\/\/www.contrakt-materials.com.pl\/de\/keramikhalter-fur-laserschneidkopfe\/#breadcrumb\"},\"inLanguage\":\"de\",\"potentialAction\":[{\"@type\":\"ReadAction\",\"target\":[\"https:\/\/www.contrakt-materials.com.pl\/de\/keramikhalter-fur-laserschneidkopfe\/\"]}]},{\"@type\":\"ImageObject\",\"inLanguage\":\"de\",\"@id\":\"https:\/\/www.contrakt-materials.com.pl\/de\/keramikhalter-fur-laserschneidkopfe\/#primaryimage\",\"url\":\"https:\/\/contrakt-materials.com.pl\/wp-content\/uploads\/2023\/01\/uchwyty-1.jpg\",\"contentUrl\":\"https:\/\/contrakt-materials.com.pl\/wp-content\/uploads\/2023\/01\/uchwyty-1.jpg\"},{\"@type\":\"BreadcrumbList\",\"@id\":\"https:\/\/www.contrakt-materials.com.pl\/de\/keramikhalter-fur-laserschneidkopfe\/#breadcrumb\",\"itemListElement\":[{\"@type\":\"ListItem\",\"position\":1,\"name\":\"Strona g\u0142\u00f3wna\",\"item\":\"https:\/\/www.contrakt-materials.com.pl\/de\/\"},{\"@type\":\"ListItem\",\"position\":2,\"name\":\"Keramikhalter f\u00fcr Laserschneidk\u00f6pfe\"}]},{\"@type\":\"WebSite\",\"@id\":\"https:\/\/www.contrakt-materials.com.pl\/de\/#website\",\"url\":\"https:\/\/www.contrakt-materials.com.pl\/de\/\",\"name\":\"Szk\u0142a ochronne do laser\u00f3w\",\"description\":\"\",\"publisher\":{\"@id\":\"https:\/\/www.contrakt-materials.com.pl\/de\/#organization\"},\"alternateName\":\"Szk\u0142a ochronne do g\u0142owic laserowych\",\"inLanguage\":\"de\"},{\"@type\":\"Organization\",\"@id\":\"https:\/\/www.contrakt-materials.com.pl\/de\/#organization\",\"name\":\"CONTRAKT-MATERIALS\",\"alternateName\":\"Syk\u0142a ochronne do g\u0142owic laserowych\",\"url\":\"https:\/\/www.contrakt-materials.com.pl\/de\/\",\"logo\":{\"@type\":\"ImageObject\",\"inLanguage\":\"de\",\"@id\":\"https:\/\/www.contrakt-materials.com.pl\/de\/#\/schema\/logo\/image\/\",\"url\":\"https:\/\/www.contrakt-materials.com.pl\/wp-content\/uploads\/2022\/11\/cropped-cropped-contrakt-logo.png\",\"contentUrl\":\"https:\/\/www.contrakt-materials.com.pl\/wp-content\/uploads\/2022\/11\/cropped-cropped-contrakt-logo.png\",\"width\":96,\"height\":55,\"caption\":\"CONTRAKT-MATERIALS\"},\"image\":{\"@id\":\"https:\/\/www.contrakt-materials.com.pl\/de\/#\/schema\/logo\/image\/\"},\"sameAs\":[\"https:\/\/www.facebook.com\/contrakt.katowice\"]}]}<\/script>\n<!-- \/ Yoast SEO plugin. -->","yoast_head_json":{"title":"Keramikhalter f\u00fcr Laserschneidk\u00f6pfe -","description":"Keramikhalterungen f\u00fcr Schneidlaserk\u00f6pfe. Unterst\u00fctzung bei Laserbearbeitungsprozessen: H\u00e4rten, Auftragschwei\u00dfen und Laserschneiden. Schwei\u00dfdr\u00e4hte f\u00fcr thermisches Spritzen.","robots":{"index":"index","follow":"follow","max-snippet":"max-snippet:-1","max-image-preview":"max-image-preview:large","max-video-preview":"max-video-preview:-1"},"canonical":"https:\/\/www.contrakt-materials.com.pl\/de\/keramikhalter-fur-laserschneidkopfe\/","og_locale":"de_DE","og_type":"article","og_title":"Keramikhalter f\u00fcr Laserschneidk\u00f6pfe -","og_description":"Keramikhalterungen f\u00fcr Schneidlaserk\u00f6pfe. Unterst\u00fctzung bei Laserbearbeitungsprozessen: H\u00e4rten, Auftragschwei\u00dfen und Laserschneiden. Schwei\u00dfdr\u00e4hte f\u00fcr thermisches Spritzen.","og_url":"https:\/\/www.contrakt-materials.com.pl\/de\/keramikhalter-fur-laserschneidkopfe\/","article_publisher":"https:\/\/www.facebook.com\/contrakt.katowice","article_modified_time":"2024-11-19T01:09:15+00:00","og_image":[{"url":"https:\/\/contrakt-materials.com.pl\/wp-content\/uploads\/2023\/01\/uchwyty-1.jpg"}],"twitter_card":"summary_large_image","twitter_misc":{"Gesch\u00e4tzte Lesezeit":"2\u00a0Minuten"},"schema":{"@context":"https:\/\/schema.org","@graph":[{"@type":"WebPage","@id":"https:\/\/www.contrakt-materials.com.pl\/de\/keramikhalter-fur-laserschneidkopfe\/","url":"https:\/\/www.contrakt-materials.com.pl\/de\/keramikhalter-fur-laserschneidkopfe\/","name":"Keramikhalter f\u00fcr Laserschneidk\u00f6pfe -","isPartOf":{"@id":"https:\/\/www.contrakt-materials.com.pl\/de\/#website"},"primaryImageOfPage":{"@id":"https:\/\/www.contrakt-materials.com.pl\/de\/keramikhalter-fur-laserschneidkopfe\/#primaryimage"},"image":{"@id":"https:\/\/www.contrakt-materials.com.pl\/de\/keramikhalter-fur-laserschneidkopfe\/#primaryimage"},"thumbnailUrl":"https:\/\/contrakt-materials.com.pl\/wp-content\/uploads\/2023\/01\/uchwyty-1.jpg","datePublished":"2023-01-09T15:47:19+00:00","dateModified":"2024-11-19T01:09:15+00:00","description":"Keramikhalterungen f\u00fcr Schneidlaserk\u00f6pfe. Unterst\u00fctzung bei Laserbearbeitungsprozessen: H\u00e4rten, Auftragschwei\u00dfen und Laserschneiden. Schwei\u00dfdr\u00e4hte f\u00fcr thermisches Spritzen.","breadcrumb":{"@id":"https:\/\/www.contrakt-materials.com.pl\/de\/keramikhalter-fur-laserschneidkopfe\/#breadcrumb"},"inLanguage":"de","potentialAction":[{"@type":"ReadAction","target":["https:\/\/www.contrakt-materials.com.pl\/de\/keramikhalter-fur-laserschneidkopfe\/"]}]},{"@type":"ImageObject","inLanguage":"de","@id":"https:\/\/www.contrakt-materials.com.pl\/de\/keramikhalter-fur-laserschneidkopfe\/#primaryimage","url":"https:\/\/contrakt-materials.com.pl\/wp-content\/uploads\/2023\/01\/uchwyty-1.jpg","contentUrl":"https:\/\/contrakt-materials.com.pl\/wp-content\/uploads\/2023\/01\/uchwyty-1.jpg"},{"@type":"BreadcrumbList","@id":"https:\/\/www.contrakt-materials.com.pl\/de\/keramikhalter-fur-laserschneidkopfe\/#breadcrumb","itemListElement":[{"@type":"ListItem","position":1,"name":"Strona g\u0142\u00f3wna","item":"https:\/\/www.contrakt-materials.com.pl\/de\/"},{"@type":"ListItem","position":2,"name":"Keramikhalter f\u00fcr Laserschneidk\u00f6pfe"}]},{"@type":"WebSite","@id":"https:\/\/www.contrakt-materials.com.pl\/de\/#website","url":"https:\/\/www.contrakt-materials.com.pl\/de\/","name":"Szk\u0142a ochronne do laser\u00f3w","description":"","publisher":{"@id":"https:\/\/www.contrakt-materials.com.pl\/de\/#organization"},"alternateName":"Szk\u0142a ochronne do g\u0142owic laserowych","inLanguage":"de"},{"@type":"Organization","@id":"https:\/\/www.contrakt-materials.com.pl\/de\/#organization","name":"CONTRAKT-MATERIALS","alternateName":"Syk\u0142a ochronne do g\u0142owic laserowych","url":"https:\/\/www.contrakt-materials.com.pl\/de\/","logo":{"@type":"ImageObject","inLanguage":"de","@id":"https:\/\/www.contrakt-materials.com.pl\/de\/#\/schema\/logo\/image\/","url":"https:\/\/www.contrakt-materials.com.pl\/wp-content\/uploads\/2022\/11\/cropped-cropped-contrakt-logo.png","contentUrl":"https:\/\/www.contrakt-materials.com.pl\/wp-content\/uploads\/2022\/11\/cropped-cropped-contrakt-logo.png","width":96,"height":55,"caption":"CONTRAKT-MATERIALS"},"image":{"@id":"https:\/\/www.contrakt-materials.com.pl\/de\/#\/schema\/logo\/image\/"},"sameAs":["https:\/\/www.facebook.com\/contrakt.katowice"]}]}},"_links":{"self":[{"href":"https:\/\/www.contrakt-materials.com.pl\/de\/wp-json\/wp\/v2\/pages\/2337","targetHints":{"allow":["GET"]}}],"collection":[{"href":"https:\/\/www.contrakt-materials.com.pl\/de\/wp-json\/wp\/v2\/pages"}],"about":[{"href":"https:\/\/www.contrakt-materials.com.pl\/de\/wp-json\/wp\/v2\/types\/page"}],"author":[{"embeddable":true,"href":"https:\/\/www.contrakt-materials.com.pl\/de\/wp-json\/wp\/v2\/users\/3"}],"replies":[{"embeddable":true,"href":"https:\/\/www.contrakt-materials.com.pl\/de\/wp-json\/wp\/v2\/comments?post=2337"}],"version-history":[{"count":5,"href":"https:\/\/www.contrakt-materials.com.pl\/de\/wp-json\/wp\/v2\/pages\/2337\/revisions"}],"predecessor-version":[{"id":3290,"href":"https:\/\/www.contrakt-materials.com.pl\/de\/wp-json\/wp\/v2\/pages\/2337\/revisions\/3290"}],"wp:attachment":[{"href":"https:\/\/www.contrakt-materials.com.pl\/de\/wp-json\/wp\/v2\/media?parent=2337"}],"curies":[{"name":"wp","href":"https:\/\/api.w.org\/{rel}","templated":true}]}}