{"id":2555,"date":"2023-03-20T13:24:32","date_gmt":"2023-03-20T12:24:32","guid":{"rendered":"https:\/\/www.contrakt-materials.com.pl\/?page_id=2555"},"modified":"2023-03-20T13:26:41","modified_gmt":"2023-03-20T12:26:41","slug":"beratung-im-bereich-laserschweissen","status":"publish","type":"page","link":"https:\/\/www.contrakt-materials.com.pl\/de\/beratung-im-bereich-laserschweissen\/","title":{"rendered":"Beratung im Bereich Laserschwei\u00dfen"},"content":{"rendered":"\n<div style=\"height:96px\" aria-hidden=\"true\" class=\"wp-block-spacer\"><\/div>\n\n\n\n<div class=\"wp-block-cover alignfull\" style=\"min-height:50px;aspect-ratio:unset;\"><span aria-hidden=\"true\" class=\"wp-block-cover__background has-background-dim-0 has-background-dim\"><\/span><img loading=\"lazy\" decoding=\"async\" width=\"1440\" height=\"337\" class=\"wp-block-cover__image-background wp-image-1985\" alt=\"spawanie\" src=\"https:\/\/www.contrakt-materials.com.pl\/wp-content\/uploads\/2023\/01\/spawanie-1.jpg\" data-object-fit=\"cover\" srcset=\"https:\/\/www.contrakt-materials.com.pl\/wp-content\/uploads\/2023\/01\/spawanie-1.jpg 1440w, https:\/\/www.contrakt-materials.com.pl\/wp-content\/uploads\/2023\/01\/spawanie-1-300x70.jpg 300w, https:\/\/www.contrakt-materials.com.pl\/wp-content\/uploads\/2023\/01\/spawanie-1-1024x240.jpg 1024w, https:\/\/www.contrakt-materials.com.pl\/wp-content\/uploads\/2023\/01\/spawanie-1-768x180.jpg 768w\" sizes=\"auto, (max-width: 1440px) 100vw, 1440px\" \/><div class=\"wp-block-cover__inner-container is-layout-flow wp-block-cover-is-layout-flow\">\n<div style=\"height:80px\" aria-hidden=\"true\" class=\"wp-block-spacer\"><\/div>\n\n\n\n<h1 class=\"has-ast-global-color-5-color has-text-color wp-block-heading\">Beratung im Bereich Laserschwei\u00dfen<\/h1>\n\n\n\n<div style=\"height:80px\" aria-hidden=\"true\" class=\"wp-block-spacer\"><\/div>\n<\/div><\/div>\n\n\n\n<div class=\"inherit-container-width wp-block-group is-layout-constrained wp-block-group-is-layout-constrained\"><div class=\"wp-block-group__inner-container\">\n<p class=\"mw-800 has-ast-global-color-1-color has-text-color has-medium-font-size\">Unser Team, das aus Praktikern mit langj\u00e4hriger Erfahrung auf dem Gebiet des <a href=\"https:\/\/contrakt-materials.com.pl\/urzadzenia-do-spawania-laserowego\/\" title=\"Laserschwei\u00c3\u009fens\">Laserschwei\u00dfens<\/a> besteht, f\u00fchrt auf Ihren Wunsch ein technologisches Audit in Ihrem Betrieb durch, um m\u00f6gliche Bereiche zur Kostenoptimierung des Schwei\u00dfprozesses zu finden. Unsere Berater f\u00fchren den Titel Internationaler Schwei\u00dffachingenieur (IWE), der ihre hohe Kompetenz best\u00e4tigt.<\/p>\n<\/div><\/div>\n\n\n","protected":false},"excerpt":{"rendered":"<p>Unser Team, das aus Praktikern mit langj\u00e4hriger Erfahrung auf dem Gebiet des Laserschwei\u00dfens besteht, f\u00fchrt auf Ihren Wunsch ein technologisches Audit in Ihrem Betrieb durch, um m\u00f6gliche Bereiche zur Kostenoptimierung des Schwei\u00dfprozesses zu finden. Unsere Berater f\u00fchren den Titel Internationaler Schwei\u00dffachingenieur (IWE), der ihre hohe Kompetenz best\u00e4tigt.<\/p>\n","protected":false},"author":5,"featured_media":0,"parent":0,"menu_order":0,"comment_status":"closed","ping_status":"closed","template":"","meta":{"site-sidebar-layout":"no-sidebar","site-content-layout":"plain-container","ast-site-content-layout":"normal-width-container","site-content-style":"unboxed","site-sidebar-style":"unboxed","ast-global-header-display":"","ast-banner-title-visibility":"","ast-main-header-display":"","ast-hfb-above-header-display":"","ast-hfb-below-header-display":"","ast-hfb-mobile-header-display":"","site-post-title":"disabled","ast-breadcrumbs-content":"","ast-featured-img":"disabled","footer-sml-layout":"","theme-transparent-header-meta":"enabled","adv-header-id-meta":"","stick-header-meta":"","header-above-stick-meta":"","header-main-stick-meta":"","header-below-stick-meta":"","astra-migrate-meta-layouts":"default","ast-page-background-enabled":"default","ast-page-background-meta":{"desktop":{"background-color":"","background-image":"","background-repeat":"repeat","background-position":"center center","background-size":"auto","background-attachment":"scroll","background-type":"","background-media":"","overlay-type":"","overlay-color":"","overlay-opacity":"","overlay-gradient":""},"tablet":{"background-color":"","background-image":"","background-repeat":"repeat","background-position":"center center","background-size":"auto","background-attachment":"scroll","background-type":"","background-media":"","overlay-type":"","overlay-color":"","overlay-opacity":"","overlay-gradient":""},"mobile":{"background-color":"","background-image":"","background-repeat":"repeat","background-position":"center center","background-size":"auto","background-attachment":"scroll","background-type":"","background-media":"","overlay-type":"","overlay-color":"","overlay-opacity":"","overlay-gradient":""}},"ast-content-background-meta":{"desktop":{"background-color":"var(--ast-global-color-5)","background-image":"","background-repeat":"repeat","background-position":"center center","background-size":"auto","background-attachment":"scroll","background-type":"","background-media":"","overlay-type":"","overlay-color":"","overlay-opacity":"","overlay-gradient":""},"tablet":{"background-color":"var(--ast-global-color-5)","background-image":"","background-repeat":"repeat","background-position":"center center","background-size":"auto","background-attachment":"scroll","background-type":"","background-media":"","overlay-type":"","overlay-color":"","overlay-opacity":"","overlay-gradient":""},"mobile":{"background-color":"var(--ast-global-color-5)","background-image":"","background-repeat":"repeat","background-position":"center center","background-size":"auto","background-attachment":"scroll","background-type":"","background-media":"","overlay-type":"","overlay-color":"","overlay-opacity":"","overlay-gradient":""}},"footnotes":""},"class_list":["post-2555","page","type-page","status-publish","hentry"],"yoast_head":"<!-- This site is optimized with the Yoast SEO plugin v23.5 - https:\/\/yoast.com\/wordpress\/plugins\/seo\/ -->\n<title>Beratung im Bereich Laserschwei\u00dfen - Szk\u0142a ochronne do laser\u00f3w i g\u0142owic laserowych<\/title>\n<meta name=\"description\" content=\"Szk\u0142a ochronne do laser\u00f3w i g\u0142owic laserowych. Wsparcie w procesach obr\u00f3bki laserowej: hartowanie, napawanie i ci\u0119cie laserowe. Druty spawalnicze do natrysku cieplnego.\" \/>\n<meta name=\"robots\" content=\"index, follow, max-snippet:-1, max-image-preview:large, max-video-preview:-1\" \/>\n<link rel=\"canonical\" href=\"https:\/\/www.contrakt-materials.com.pl\/de\/beratung-im-bereich-laserschweissen\/\" \/>\n<meta property=\"og:locale\" content=\"de_DE\" \/>\n<meta property=\"og:type\" content=\"article\" \/>\n<meta property=\"og:title\" content=\"Beratung im Bereich Laserschwei\u00dfen - Szk\u0142a ochronne do laser\u00f3w i g\u0142owic laserowych\" \/>\n<meta property=\"og:description\" content=\"Szk\u0142a ochronne do laser\u00f3w i g\u0142owic laserowych. Wsparcie w procesach obr\u00f3bki laserowej: hartowanie, napawanie i ci\u0119cie laserowe. Druty spawalnicze do natrysku cieplnego.\" \/>\n<meta property=\"og:url\" content=\"https:\/\/www.contrakt-materials.com.pl\/de\/beratung-im-bereich-laserschweissen\/\" \/>\n<meta property=\"article:publisher\" content=\"https:\/\/www.facebook.com\/contrakt.katowice\" \/>\n<meta property=\"article:modified_time\" content=\"2023-03-20T12:26:41+00:00\" \/>\n<meta property=\"og:image\" content=\"https:\/\/www.contrakt-materials.com.pl\/wp-content\/uploads\/2023\/01\/spawanie-1.jpg\" \/>\n<meta name=\"twitter:card\" content=\"summary_large_image\" \/>\n<meta name=\"twitter:label1\" content=\"Gesch\u00e4tzte Lesezeit\" \/>\n\t<meta name=\"twitter:data1\" content=\"1\u00a0Minute\" \/>\n<script type=\"application\/ld+json\" class=\"yoast-schema-graph\">{\"@context\":\"https:\/\/schema.org\",\"@graph\":[{\"@type\":\"WebPage\",\"@id\":\"https:\/\/www.contrakt-materials.com.pl\/de\/beratung-im-bereich-laserschweissen\/\",\"url\":\"https:\/\/www.contrakt-materials.com.pl\/de\/beratung-im-bereich-laserschweissen\/\",\"name\":\"Beratung im Bereich Laserschwei\u00dfen - Szk\u0142a ochronne do laser\u00f3w i g\u0142owic laserowych\",\"isPartOf\":{\"@id\":\"https:\/\/www.contrakt-materials.com.pl\/de\/#website\"},\"primaryImageOfPage\":{\"@id\":\"https:\/\/www.contrakt-materials.com.pl\/de\/beratung-im-bereich-laserschweissen\/#primaryimage\"},\"image\":{\"@id\":\"https:\/\/www.contrakt-materials.com.pl\/de\/beratung-im-bereich-laserschweissen\/#primaryimage\"},\"thumbnailUrl\":\"https:\/\/www.contrakt-materials.com.pl\/wp-content\/uploads\/2023\/01\/spawanie-1.jpg\",\"datePublished\":\"2023-03-20T12:24:32+00:00\",\"dateModified\":\"2023-03-20T12:26:41+00:00\",\"description\":\"Szk\u0142a ochronne do laser\u00f3w i g\u0142owic laserowych. Wsparcie w procesach obr\u00f3bki laserowej: hartowanie, napawanie i ci\u0119cie laserowe. Druty spawalnicze do natrysku cieplnego.\",\"breadcrumb\":{\"@id\":\"https:\/\/www.contrakt-materials.com.pl\/de\/beratung-im-bereich-laserschweissen\/#breadcrumb\"},\"inLanguage\":\"de\",\"potentialAction\":[{\"@type\":\"ReadAction\",\"target\":[\"https:\/\/www.contrakt-materials.com.pl\/de\/beratung-im-bereich-laserschweissen\/\"]}]},{\"@type\":\"ImageObject\",\"inLanguage\":\"de\",\"@id\":\"https:\/\/www.contrakt-materials.com.pl\/de\/beratung-im-bereich-laserschweissen\/#primaryimage\",\"url\":\"https:\/\/www.contrakt-materials.com.pl\/wp-content\/uploads\/2023\/01\/spawanie-1.jpg\",\"contentUrl\":\"https:\/\/www.contrakt-materials.com.pl\/wp-content\/uploads\/2023\/01\/spawanie-1.jpg\"},{\"@type\":\"BreadcrumbList\",\"@id\":\"https:\/\/www.contrakt-materials.com.pl\/de\/beratung-im-bereich-laserschweissen\/#breadcrumb\",\"itemListElement\":[{\"@type\":\"ListItem\",\"position\":1,\"name\":\"Strona g\u0142\u00f3wna\",\"item\":\"https:\/\/www.contrakt-materials.com.pl\/de\/\"},{\"@type\":\"ListItem\",\"position\":2,\"name\":\"Beratung im Bereich Laserschwei\u00dfen\"}]},{\"@type\":\"WebSite\",\"@id\":\"https:\/\/www.contrakt-materials.com.pl\/de\/#website\",\"url\":\"https:\/\/www.contrakt-materials.com.pl\/de\/\",\"name\":\"Szk\u0142a ochronne do laser\u00f3w\",\"description\":\"\",\"publisher\":{\"@id\":\"https:\/\/www.contrakt-materials.com.pl\/de\/#organization\"},\"alternateName\":\"Szk\u0142a ochronne do g\u0142owic laserowych\",\"inLanguage\":\"de\"},{\"@type\":\"Organization\",\"@id\":\"https:\/\/www.contrakt-materials.com.pl\/de\/#organization\",\"name\":\"CONTRAKT-MATERIALS\",\"alternateName\":\"Syk\u0142a ochronne do g\u0142owic laserowych\",\"url\":\"https:\/\/www.contrakt-materials.com.pl\/de\/\",\"logo\":{\"@type\":\"ImageObject\",\"inLanguage\":\"de\",\"@id\":\"https:\/\/www.contrakt-materials.com.pl\/de\/#\/schema\/logo\/image\/\",\"url\":\"https:\/\/www.contrakt-materials.com.pl\/wp-content\/uploads\/2022\/11\/cropped-cropped-contrakt-logo.png\",\"contentUrl\":\"https:\/\/www.contrakt-materials.com.pl\/wp-content\/uploads\/2022\/11\/cropped-cropped-contrakt-logo.png\",\"width\":96,\"height\":55,\"caption\":\"CONTRAKT-MATERIALS\"},\"image\":{\"@id\":\"https:\/\/www.contrakt-materials.com.pl\/de\/#\/schema\/logo\/image\/\"},\"sameAs\":[\"https:\/\/www.facebook.com\/contrakt.katowice\"]}]}<\/script>\n<!-- \/ Yoast SEO plugin. -->","yoast_head_json":{"title":"Beratung im Bereich Laserschwei\u00dfen - Szk\u0142a ochronne do laser\u00f3w i g\u0142owic laserowych","description":"Szk\u0142a ochronne do laser\u00f3w i g\u0142owic laserowych. Wsparcie w procesach obr\u00f3bki laserowej: hartowanie, napawanie i ci\u0119cie laserowe. Druty spawalnicze do natrysku cieplnego.","robots":{"index":"index","follow":"follow","max-snippet":"max-snippet:-1","max-image-preview":"max-image-preview:large","max-video-preview":"max-video-preview:-1"},"canonical":"https:\/\/www.contrakt-materials.com.pl\/de\/beratung-im-bereich-laserschweissen\/","og_locale":"de_DE","og_type":"article","og_title":"Beratung im Bereich Laserschwei\u00dfen - Szk\u0142a ochronne do laser\u00f3w i g\u0142owic laserowych","og_description":"Szk\u0142a ochronne do laser\u00f3w i g\u0142owic laserowych. Wsparcie w procesach obr\u00f3bki laserowej: hartowanie, napawanie i ci\u0119cie laserowe. Druty spawalnicze do natrysku cieplnego.","og_url":"https:\/\/www.contrakt-materials.com.pl\/de\/beratung-im-bereich-laserschweissen\/","article_publisher":"https:\/\/www.facebook.com\/contrakt.katowice","article_modified_time":"2023-03-20T12:26:41+00:00","og_image":[{"url":"https:\/\/www.contrakt-materials.com.pl\/wp-content\/uploads\/2023\/01\/spawanie-1.jpg"}],"twitter_card":"summary_large_image","twitter_misc":{"Gesch\u00e4tzte Lesezeit":"1\u00a0Minute"},"schema":{"@context":"https:\/\/schema.org","@graph":[{"@type":"WebPage","@id":"https:\/\/www.contrakt-materials.com.pl\/de\/beratung-im-bereich-laserschweissen\/","url":"https:\/\/www.contrakt-materials.com.pl\/de\/beratung-im-bereich-laserschweissen\/","name":"Beratung im Bereich Laserschwei\u00dfen - Szk\u0142a ochronne do laser\u00f3w i g\u0142owic laserowych","isPartOf":{"@id":"https:\/\/www.contrakt-materials.com.pl\/de\/#website"},"primaryImageOfPage":{"@id":"https:\/\/www.contrakt-materials.com.pl\/de\/beratung-im-bereich-laserschweissen\/#primaryimage"},"image":{"@id":"https:\/\/www.contrakt-materials.com.pl\/de\/beratung-im-bereich-laserschweissen\/#primaryimage"},"thumbnailUrl":"https:\/\/www.contrakt-materials.com.pl\/wp-content\/uploads\/2023\/01\/spawanie-1.jpg","datePublished":"2023-03-20T12:24:32+00:00","dateModified":"2023-03-20T12:26:41+00:00","description":"Szk\u0142a ochronne do laser\u00f3w i g\u0142owic laserowych. Wsparcie w procesach obr\u00f3bki laserowej: hartowanie, napawanie i ci\u0119cie laserowe. Druty spawalnicze do natrysku cieplnego.","breadcrumb":{"@id":"https:\/\/www.contrakt-materials.com.pl\/de\/beratung-im-bereich-laserschweissen\/#breadcrumb"},"inLanguage":"de","potentialAction":[{"@type":"ReadAction","target":["https:\/\/www.contrakt-materials.com.pl\/de\/beratung-im-bereich-laserschweissen\/"]}]},{"@type":"ImageObject","inLanguage":"de","@id":"https:\/\/www.contrakt-materials.com.pl\/de\/beratung-im-bereich-laserschweissen\/#primaryimage","url":"https:\/\/www.contrakt-materials.com.pl\/wp-content\/uploads\/2023\/01\/spawanie-1.jpg","contentUrl":"https:\/\/www.contrakt-materials.com.pl\/wp-content\/uploads\/2023\/01\/spawanie-1.jpg"},{"@type":"BreadcrumbList","@id":"https:\/\/www.contrakt-materials.com.pl\/de\/beratung-im-bereich-laserschweissen\/#breadcrumb","itemListElement":[{"@type":"ListItem","position":1,"name":"Strona g\u0142\u00f3wna","item":"https:\/\/www.contrakt-materials.com.pl\/de\/"},{"@type":"ListItem","position":2,"name":"Beratung im Bereich Laserschwei\u00dfen"}]},{"@type":"WebSite","@id":"https:\/\/www.contrakt-materials.com.pl\/de\/#website","url":"https:\/\/www.contrakt-materials.com.pl\/de\/","name":"Szk\u0142a ochronne do laser\u00f3w","description":"","publisher":{"@id":"https:\/\/www.contrakt-materials.com.pl\/de\/#organization"},"alternateName":"Szk\u0142a ochronne do g\u0142owic laserowych","inLanguage":"de"},{"@type":"Organization","@id":"https:\/\/www.contrakt-materials.com.pl\/de\/#organization","name":"CONTRAKT-MATERIALS","alternateName":"Syk\u0142a ochronne do g\u0142owic laserowych","url":"https:\/\/www.contrakt-materials.com.pl\/de\/","logo":{"@type":"ImageObject","inLanguage":"de","@id":"https:\/\/www.contrakt-materials.com.pl\/de\/#\/schema\/logo\/image\/","url":"https:\/\/www.contrakt-materials.com.pl\/wp-content\/uploads\/2022\/11\/cropped-cropped-contrakt-logo.png","contentUrl":"https:\/\/www.contrakt-materials.com.pl\/wp-content\/uploads\/2022\/11\/cropped-cropped-contrakt-logo.png","width":96,"height":55,"caption":"CONTRAKT-MATERIALS"},"image":{"@id":"https:\/\/www.contrakt-materials.com.pl\/de\/#\/schema\/logo\/image\/"},"sameAs":["https:\/\/www.facebook.com\/contrakt.katowice"]}]}},"_links":{"self":[{"href":"https:\/\/www.contrakt-materials.com.pl\/de\/wp-json\/wp\/v2\/pages\/2555","targetHints":{"allow":["GET"]}}],"collection":[{"href":"https:\/\/www.contrakt-materials.com.pl\/de\/wp-json\/wp\/v2\/pages"}],"about":[{"href":"https:\/\/www.contrakt-materials.com.pl\/de\/wp-json\/wp\/v2\/types\/page"}],"author":[{"embeddable":true,"href":"https:\/\/www.contrakt-materials.com.pl\/de\/wp-json\/wp\/v2\/users\/5"}],"replies":[{"embeddable":true,"href":"https:\/\/www.contrakt-materials.com.pl\/de\/wp-json\/wp\/v2\/comments?post=2555"}],"version-history":[{"count":5,"href":"https:\/\/www.contrakt-materials.com.pl\/de\/wp-json\/wp\/v2\/pages\/2555\/revisions"}],"predecessor-version":[{"id":2575,"href":"https:\/\/www.contrakt-materials.com.pl\/de\/wp-json\/wp\/v2\/pages\/2555\/revisions\/2575"}],"wp:attachment":[{"href":"https:\/\/www.contrakt-materials.com.pl\/de\/wp-json\/wp\/v2\/media?parent=2555"}],"curies":[{"name":"wp","href":"https:\/\/api.w.org\/{rel}","templated":true}]}}