{"id":2556,"date":"2023-03-20T13:24:32","date_gmt":"2023-03-20T12:24:32","guid":{"rendered":"https:\/\/www.contrakt-materials.com.pl\/?page_id=2556"},"modified":"2023-03-20T13:27:30","modified_gmt":"2023-03-20T12:27:30","slug":"laser-welding-process-consultancy-2","status":"publish","type":"page","link":"https:\/\/www.contrakt-materials.com.pl\/en\/laser-welding-process-consultancy-2\/","title":{"rendered":"Laser Welding Process Consultancy"},"content":{"rendered":"\n<div style=\"height:96px\" aria-hidden=\"true\" class=\"wp-block-spacer\"><\/div>\n\n\n\n<div class=\"wp-block-cover alignfull\" style=\"min-height:50px;aspect-ratio:unset;\"><span aria-hidden=\"true\" class=\"wp-block-cover__background has-background-dim-0 has-background-dim\"><\/span><img loading=\"lazy\" decoding=\"async\" width=\"1440\" height=\"337\" class=\"wp-block-cover__image-background wp-image-1985\" alt=\"spawanie\" src=\"https:\/\/www.contrakt-materials.com.pl\/wp-content\/uploads\/2023\/01\/spawanie-1.jpg\" data-object-fit=\"cover\" srcset=\"https:\/\/www.contrakt-materials.com.pl\/wp-content\/uploads\/2023\/01\/spawanie-1.jpg 1440w, https:\/\/www.contrakt-materials.com.pl\/wp-content\/uploads\/2023\/01\/spawanie-1-300x70.jpg 300w, https:\/\/www.contrakt-materials.com.pl\/wp-content\/uploads\/2023\/01\/spawanie-1-1024x240.jpg 1024w, https:\/\/www.contrakt-materials.com.pl\/wp-content\/uploads\/2023\/01\/spawanie-1-768x180.jpg 768w\" sizes=\"auto, (max-width: 1440px) 100vw, 1440px\" \/><div class=\"wp-block-cover__inner-container is-layout-flow wp-block-cover-is-layout-flow\">\n<div style=\"height:80px\" aria-hidden=\"true\" class=\"wp-block-spacer\"><\/div>\n\n\n\n<h1 class=\"has-ast-global-color-5-color has-text-color wp-block-heading\">Laser Welding Process Consultancy<\/h1>\n\n\n\n<div style=\"height:80px\" aria-hidden=\"true\" class=\"wp-block-spacer\"><\/div>\n<\/div><\/div>\n\n\n\n<div class=\"inherit-container-width wp-block-group is-layout-constrained wp-block-group-is-layout-constrained\"><div class=\"wp-block-group__inner-container\">\n<p class=\"mw-800 has-ast-global-color-1-color has-text-color has-medium-font-size\">Nasz zesp\u00f3\u0142 praktyk\u00f3w z wieloletnim do\u015bwiadczeniem w zakresie <a href=\"https:\/\/contrakt-materials.com.pl\/urzadzenia-do-spawania-laserowego\/\" title=\"Spawania Laserowego\">spawania laserowego<\/a> na Pa\u0144stwa \u017cyczenie, mo\u017ce zrobi\u0107 audyt technologiczny w Pa\u0144stwa zak\u0142adzie w celu znalezienia ewentualnych obszar\u00f3w do optymalizacji kosztowej procesu spawania. Nasi doradcy posiadaj\u0105 tytu\u0142 Mi\u0119dzynarodowego In\u017cyniera Spawalnika (IWE) co potwierdza ich wysokie kompetencje.<\/p>\n<\/div><\/div>\n\n\n\n<div class=\"wp-block-cover alignfull is-light serwis-bg\" style=\"padding-top:100px;padding-bottom:64px;min-height:50px;aspect-ratio:unset;\"><span aria-hidden=\"true\" class=\"wp-block-cover__background has-background-dim-0 has-background-dim\"><\/span><img loading=\"lazy\" decoding=\"async\" width=\"1440\" height=\"665\" class=\"wp-block-cover__image-background wp-image-1720\" alt=\"oferta\" src=\"https:\/\/contrakt-materials.com.pl\/wp-content\/uploads\/2022\/12\/oferta-3-1.jpg\" data-object-fit=\"cover\" srcset=\"https:\/\/www.contrakt-materials.com.pl\/wp-content\/uploads\/2022\/12\/oferta-3-1.jpg 1440w, https:\/\/www.contrakt-materials.com.pl\/wp-content\/uploads\/2022\/12\/oferta-3-1-300x139.jpg 300w, https:\/\/www.contrakt-materials.com.pl\/wp-content\/uploads\/2022\/12\/oferta-3-1-1024x473.jpg 1024w, https:\/\/www.contrakt-materials.com.pl\/wp-content\/uploads\/2022\/12\/oferta-3-1-768x355.jpg 768w, https:\/\/www.contrakt-materials.com.pl\/wp-content\/uploads\/2022\/12\/oferta-3-1-600x277.jpg 600w\" sizes=\"auto, (max-width: 1440px) 100vw, 1440px\" \/><div class=\"wp-block-cover__inner-container is-layout-flow wp-block-cover-is-layout-flow\">\n<h6 class=\"wp-block-heading has-ast-global-color-5-color has-text-color\">Our offer<\/h6>\n\n\n\n<div class=\"wp-block-columns is-layout-flex wp-container-core-columns-is-layout-28f84493 wp-block-columns-is-layout-flex\">\n<div class=\"wp-block-column is-layout-flow wp-block-column-is-layout-flow\">\n<div style=\"height:2px\" aria-hidden=\"true\" class=\"wp-block-spacer\"><\/div>\n\n\n\n<ul style=\"margin-left:28px\" class=\"wp-block-list mw-700 has-ast-global-color-5-color has-text-color has-medium-font-size\">\n<li>Laser Protective Glass<\/li>\n\n\n\n<li>Cutter nozzles<\/li>\n\n\n\n<li>Ceramic rings<\/li>\n\n\n\n<li>Laser Welding Devices<\/li>\n\n\n\n<li>Laser Welding Process Consultancy<\/li>\n\n\n\n<li>Laser cutting<\/li>\n\n\n\n<li>Press bending<\/li>\n\n\n\n<li>Laser Hardening<br\/><br\/><\/li>\n<\/ul>\n\n\n\n<div style=\"height:2px\" aria-hidden=\"true\" class=\"wp-block-spacer\"><\/div>\n<\/div>\n\n\n\n<div class=\"wp-block-column is-layout-flow wp-block-column-is-layout-flow\"><\/div>\n<\/div>\n<\/div><\/div>\n","protected":false},"excerpt":{"rendered":"<p>Nasz zesp\u00f3\u0142 praktyk\u00f3w z wieloletnim do\u015bwiadczeniem w zakresie spawania laserowego na Pa\u0144stwa \u017cyczenie, mo\u017ce zrobi\u0107 audyt technologiczny w Pa\u0144stwa zak\u0142adzie w celu znalezienia ewentualnych obszar\u00f3w do optymalizacji kosztowej procesu spawania. Nasi doradcy posiadaj\u0105 tytu\u0142 Mi\u0119dzynarodowego In\u017cyniera Spawalnika (IWE) co potwierdza ich wysokie kompetencje.<\/p>\n","protected":false},"author":5,"featured_media":0,"parent":0,"menu_order":0,"comment_status":"closed","ping_status":"closed","template":"","meta":{"site-sidebar-layout":"no-sidebar","site-content-layout":"plain-container","ast-site-content-layout":"normal-width-container","site-content-style":"unboxed","site-sidebar-style":"unboxed","ast-global-header-display":"","ast-banner-title-visibility":"","ast-main-header-display":"","ast-hfb-above-header-display":"","ast-hfb-below-header-display":"","ast-hfb-mobile-header-display":"","site-post-title":"disabled","ast-breadcrumbs-content":"","ast-featured-img":"disabled","footer-sml-layout":"","theme-transparent-header-meta":"enabled","adv-header-id-meta":"","stick-header-meta":"","header-above-stick-meta":"","header-main-stick-meta":"","header-below-stick-meta":"","astra-migrate-meta-layouts":"default","ast-page-background-enabled":"default","ast-page-background-meta":{"desktop":{"background-color":"","background-image":"","background-repeat":"repeat","background-position":"center center","background-size":"auto","background-attachment":"scroll","background-type":"","background-media":"","overlay-type":"","overlay-color":"","overlay-opacity":"","overlay-gradient":""},"tablet":{"background-color":"","background-image":"","background-repeat":"repeat","background-position":"center center","background-size":"auto","background-attachment":"scroll","background-type":"","background-media":"","overlay-type":"","overlay-color":"","overlay-opacity":"","overlay-gradient":""},"mobile":{"background-color":"","background-image":"","background-repeat":"repeat","background-position":"center center","background-size":"auto","background-attachment":"scroll","background-type":"","background-media":"","overlay-type":"","overlay-color":"","overlay-opacity":"","overlay-gradient":""}},"ast-content-background-meta":{"desktop":{"background-color":"var(--ast-global-color-5)","background-image":"","background-repeat":"repeat","background-position":"center center","background-size":"auto","background-attachment":"scroll","background-type":"","background-media":"","overlay-type":"","overlay-color":"","overlay-opacity":"","overlay-gradient":""},"tablet":{"background-color":"var(--ast-global-color-5)","background-image":"","background-repeat":"repeat","background-position":"center center","background-size":"auto","background-attachment":"scroll","background-type":"","background-media":"","overlay-type":"","overlay-color":"","overlay-opacity":"","overlay-gradient":""},"mobile":{"background-color":"var(--ast-global-color-5)","background-image":"","background-repeat":"repeat","background-position":"center center","background-size":"auto","background-attachment":"scroll","background-type":"","background-media":"","overlay-type":"","overlay-color":"","overlay-opacity":"","overlay-gradient":""}},"footnotes":""},"class_list":["post-2556","page","type-page","status-publish","hentry"],"yoast_head":"<!-- This site is optimized with the Yoast SEO plugin v23.5 - https:\/\/yoast.com\/wordpress\/plugins\/seo\/ -->\n<title>Laser Welding Process Consultancy - Szk\u0142a ochronne do laser\u00f3w i g\u0142owic laserowych<\/title>\n<meta name=\"description\" content=\"Szk\u0142a ochronne do laser\u00f3w i g\u0142owic laserowych. Wsparcie w procesach obr\u00f3bki laserowej: hartowanie, napawanie i ci\u0119cie laserowe. Druty spawalnicze do natrysku cieplnego.\" \/>\n<meta name=\"robots\" content=\"index, follow, max-snippet:-1, max-image-preview:large, max-video-preview:-1\" \/>\n<link rel=\"canonical\" href=\"https:\/\/www.contrakt-materials.com.pl\/en\/laser-welding-process-consultancy-2\/\" \/>\n<meta property=\"og:locale\" content=\"en_US\" \/>\n<meta property=\"og:type\" content=\"article\" \/>\n<meta property=\"og:title\" content=\"Laser Welding Process Consultancy - Szk\u0142a ochronne do laser\u00f3w i g\u0142owic laserowych\" \/>\n<meta property=\"og:description\" content=\"Szk\u0142a ochronne do laser\u00f3w i g\u0142owic laserowych. Wsparcie w procesach obr\u00f3bki laserowej: hartowanie, napawanie i ci\u0119cie laserowe. Druty spawalnicze do natrysku cieplnego.\" \/>\n<meta property=\"og:url\" content=\"https:\/\/www.contrakt-materials.com.pl\/en\/laser-welding-process-consultancy-2\/\" \/>\n<meta property=\"article:publisher\" content=\"https:\/\/www.facebook.com\/contrakt.katowice\" \/>\n<meta property=\"article:modified_time\" content=\"2023-03-20T12:27:30+00:00\" \/>\n<meta property=\"og:image\" content=\"https:\/\/www.contrakt-materials.com.pl\/wp-content\/uploads\/2023\/01\/spawanie-1.jpg\" \/>\n<meta name=\"twitter:card\" content=\"summary_large_image\" \/>\n<meta name=\"twitter:label1\" content=\"Est. reading time\" \/>\n\t<meta name=\"twitter:data1\" content=\"1 minute\" \/>\n<script type=\"application\/ld+json\" class=\"yoast-schema-graph\">{\"@context\":\"https:\/\/schema.org\",\"@graph\":[{\"@type\":\"WebPage\",\"@id\":\"https:\/\/www.contrakt-materials.com.pl\/en\/laser-welding-process-consultancy-2\/\",\"url\":\"https:\/\/www.contrakt-materials.com.pl\/en\/laser-welding-process-consultancy-2\/\",\"name\":\"Laser Welding Process Consultancy - Szk\u0142a ochronne do laser\u00f3w i g\u0142owic laserowych\",\"isPartOf\":{\"@id\":\"https:\/\/www.contrakt-materials.com.pl\/en\/#website\"},\"primaryImageOfPage\":{\"@id\":\"https:\/\/www.contrakt-materials.com.pl\/en\/laser-welding-process-consultancy-2\/#primaryimage\"},\"image\":{\"@id\":\"https:\/\/www.contrakt-materials.com.pl\/en\/laser-welding-process-consultancy-2\/#primaryimage\"},\"thumbnailUrl\":\"https:\/\/www.contrakt-materials.com.pl\/wp-content\/uploads\/2023\/01\/spawanie-1.jpg\",\"datePublished\":\"2023-03-20T12:24:32+00:00\",\"dateModified\":\"2023-03-20T12:27:30+00:00\",\"description\":\"Szk\u0142a ochronne do laser\u00f3w i g\u0142owic laserowych. Wsparcie w procesach obr\u00f3bki laserowej: hartowanie, napawanie i ci\u0119cie laserowe. Druty spawalnicze do natrysku cieplnego.\",\"breadcrumb\":{\"@id\":\"https:\/\/www.contrakt-materials.com.pl\/en\/laser-welding-process-consultancy-2\/#breadcrumb\"},\"inLanguage\":\"en-US\",\"potentialAction\":[{\"@type\":\"ReadAction\",\"target\":[\"https:\/\/www.contrakt-materials.com.pl\/en\/laser-welding-process-consultancy-2\/\"]}]},{\"@type\":\"ImageObject\",\"inLanguage\":\"en-US\",\"@id\":\"https:\/\/www.contrakt-materials.com.pl\/en\/laser-welding-process-consultancy-2\/#primaryimage\",\"url\":\"https:\/\/www.contrakt-materials.com.pl\/wp-content\/uploads\/2023\/01\/spawanie-1.jpg\",\"contentUrl\":\"https:\/\/www.contrakt-materials.com.pl\/wp-content\/uploads\/2023\/01\/spawanie-1.jpg\"},{\"@type\":\"BreadcrumbList\",\"@id\":\"https:\/\/www.contrakt-materials.com.pl\/en\/laser-welding-process-consultancy-2\/#breadcrumb\",\"itemListElement\":[{\"@type\":\"ListItem\",\"position\":1,\"name\":\"Strona g\u0142\u00f3wna\",\"item\":\"https:\/\/www.contrakt-materials.com.pl\/en\/\"},{\"@type\":\"ListItem\",\"position\":2,\"name\":\"Laser Welding Process Consultancy\"}]},{\"@type\":\"WebSite\",\"@id\":\"https:\/\/www.contrakt-materials.com.pl\/en\/#website\",\"url\":\"https:\/\/www.contrakt-materials.com.pl\/en\/\",\"name\":\"Szk\u0142a ochronne do laser\u00f3w\",\"description\":\"\",\"publisher\":{\"@id\":\"https:\/\/www.contrakt-materials.com.pl\/en\/#organization\"},\"alternateName\":\"Szk\u0142a ochronne do g\u0142owic laserowych\",\"inLanguage\":\"en-US\"},{\"@type\":\"Organization\",\"@id\":\"https:\/\/www.contrakt-materials.com.pl\/en\/#organization\",\"name\":\"CONTRAKT-MATERIALS\",\"alternateName\":\"Syk\u0142a ochronne do g\u0142owic laserowych\",\"url\":\"https:\/\/www.contrakt-materials.com.pl\/en\/\",\"logo\":{\"@type\":\"ImageObject\",\"inLanguage\":\"en-US\",\"@id\":\"https:\/\/www.contrakt-materials.com.pl\/en\/#\/schema\/logo\/image\/\",\"url\":\"https:\/\/www.contrakt-materials.com.pl\/wp-content\/uploads\/2022\/11\/cropped-cropped-contrakt-logo.png\",\"contentUrl\":\"https:\/\/www.contrakt-materials.com.pl\/wp-content\/uploads\/2022\/11\/cropped-cropped-contrakt-logo.png\",\"width\":96,\"height\":55,\"caption\":\"CONTRAKT-MATERIALS\"},\"image\":{\"@id\":\"https:\/\/www.contrakt-materials.com.pl\/en\/#\/schema\/logo\/image\/\"},\"sameAs\":[\"https:\/\/www.facebook.com\/contrakt.katowice\"]}]}<\/script>\n<!-- \/ Yoast SEO plugin. -->","yoast_head_json":{"title":"Laser Welding Process Consultancy - Szk\u0142a ochronne do laser\u00f3w i g\u0142owic laserowych","description":"Szk\u0142a ochronne do laser\u00f3w i g\u0142owic laserowych. Wsparcie w procesach obr\u00f3bki laserowej: hartowanie, napawanie i ci\u0119cie laserowe. Druty spawalnicze do natrysku cieplnego.","robots":{"index":"index","follow":"follow","max-snippet":"max-snippet:-1","max-image-preview":"max-image-preview:large","max-video-preview":"max-video-preview:-1"},"canonical":"https:\/\/www.contrakt-materials.com.pl\/en\/laser-welding-process-consultancy-2\/","og_locale":"en_US","og_type":"article","og_title":"Laser Welding Process Consultancy - Szk\u0142a ochronne do laser\u00f3w i g\u0142owic laserowych","og_description":"Szk\u0142a ochronne do laser\u00f3w i g\u0142owic laserowych. Wsparcie w procesach obr\u00f3bki laserowej: hartowanie, napawanie i ci\u0119cie laserowe. Druty spawalnicze do natrysku cieplnego.","og_url":"https:\/\/www.contrakt-materials.com.pl\/en\/laser-welding-process-consultancy-2\/","article_publisher":"https:\/\/www.facebook.com\/contrakt.katowice","article_modified_time":"2023-03-20T12:27:30+00:00","og_image":[{"url":"https:\/\/www.contrakt-materials.com.pl\/wp-content\/uploads\/2023\/01\/spawanie-1.jpg"}],"twitter_card":"summary_large_image","twitter_misc":{"Est. reading time":"1 minute"},"schema":{"@context":"https:\/\/schema.org","@graph":[{"@type":"WebPage","@id":"https:\/\/www.contrakt-materials.com.pl\/en\/laser-welding-process-consultancy-2\/","url":"https:\/\/www.contrakt-materials.com.pl\/en\/laser-welding-process-consultancy-2\/","name":"Laser Welding Process Consultancy - Szk\u0142a ochronne do laser\u00f3w i g\u0142owic laserowych","isPartOf":{"@id":"https:\/\/www.contrakt-materials.com.pl\/en\/#website"},"primaryImageOfPage":{"@id":"https:\/\/www.contrakt-materials.com.pl\/en\/laser-welding-process-consultancy-2\/#primaryimage"},"image":{"@id":"https:\/\/www.contrakt-materials.com.pl\/en\/laser-welding-process-consultancy-2\/#primaryimage"},"thumbnailUrl":"https:\/\/www.contrakt-materials.com.pl\/wp-content\/uploads\/2023\/01\/spawanie-1.jpg","datePublished":"2023-03-20T12:24:32+00:00","dateModified":"2023-03-20T12:27:30+00:00","description":"Szk\u0142a ochronne do laser\u00f3w i g\u0142owic laserowych. Wsparcie w procesach obr\u00f3bki laserowej: hartowanie, napawanie i ci\u0119cie laserowe. Druty spawalnicze do natrysku cieplnego.","breadcrumb":{"@id":"https:\/\/www.contrakt-materials.com.pl\/en\/laser-welding-process-consultancy-2\/#breadcrumb"},"inLanguage":"en-US","potentialAction":[{"@type":"ReadAction","target":["https:\/\/www.contrakt-materials.com.pl\/en\/laser-welding-process-consultancy-2\/"]}]},{"@type":"ImageObject","inLanguage":"en-US","@id":"https:\/\/www.contrakt-materials.com.pl\/en\/laser-welding-process-consultancy-2\/#primaryimage","url":"https:\/\/www.contrakt-materials.com.pl\/wp-content\/uploads\/2023\/01\/spawanie-1.jpg","contentUrl":"https:\/\/www.contrakt-materials.com.pl\/wp-content\/uploads\/2023\/01\/spawanie-1.jpg"},{"@type":"BreadcrumbList","@id":"https:\/\/www.contrakt-materials.com.pl\/en\/laser-welding-process-consultancy-2\/#breadcrumb","itemListElement":[{"@type":"ListItem","position":1,"name":"Strona g\u0142\u00f3wna","item":"https:\/\/www.contrakt-materials.com.pl\/en\/"},{"@type":"ListItem","position":2,"name":"Laser Welding Process Consultancy"}]},{"@type":"WebSite","@id":"https:\/\/www.contrakt-materials.com.pl\/en\/#website","url":"https:\/\/www.contrakt-materials.com.pl\/en\/","name":"Szk\u0142a ochronne do laser\u00f3w","description":"","publisher":{"@id":"https:\/\/www.contrakt-materials.com.pl\/en\/#organization"},"alternateName":"Szk\u0142a ochronne do g\u0142owic laserowych","inLanguage":"en-US"},{"@type":"Organization","@id":"https:\/\/www.contrakt-materials.com.pl\/en\/#organization","name":"CONTRAKT-MATERIALS","alternateName":"Syk\u0142a ochronne do g\u0142owic laserowych","url":"https:\/\/www.contrakt-materials.com.pl\/en\/","logo":{"@type":"ImageObject","inLanguage":"en-US","@id":"https:\/\/www.contrakt-materials.com.pl\/en\/#\/schema\/logo\/image\/","url":"https:\/\/www.contrakt-materials.com.pl\/wp-content\/uploads\/2022\/11\/cropped-cropped-contrakt-logo.png","contentUrl":"https:\/\/www.contrakt-materials.com.pl\/wp-content\/uploads\/2022\/11\/cropped-cropped-contrakt-logo.png","width":96,"height":55,"caption":"CONTRAKT-MATERIALS"},"image":{"@id":"https:\/\/www.contrakt-materials.com.pl\/en\/#\/schema\/logo\/image\/"},"sameAs":["https:\/\/www.facebook.com\/contrakt.katowice"]}]}},"_links":{"self":[{"href":"https:\/\/www.contrakt-materials.com.pl\/en\/wp-json\/wp\/v2\/pages\/2556","targetHints":{"allow":["GET"]}}],"collection":[{"href":"https:\/\/www.contrakt-materials.com.pl\/en\/wp-json\/wp\/v2\/pages"}],"about":[{"href":"https:\/\/www.contrakt-materials.com.pl\/en\/wp-json\/wp\/v2\/types\/page"}],"author":[{"embeddable":true,"href":"https:\/\/www.contrakt-materials.com.pl\/en\/wp-json\/wp\/v2\/users\/5"}],"replies":[{"embeddable":true,"href":"https:\/\/www.contrakt-materials.com.pl\/en\/wp-json\/wp\/v2\/comments?post=2556"}],"version-history":[{"count":3,"href":"https:\/\/www.contrakt-materials.com.pl\/en\/wp-json\/wp\/v2\/pages\/2556\/revisions"}],"predecessor-version":[{"id":2576,"href":"https:\/\/www.contrakt-materials.com.pl\/en\/wp-json\/wp\/v2\/pages\/2556\/revisions\/2576"}],"wp:attachment":[{"href":"https:\/\/www.contrakt-materials.com.pl\/en\/wp-json\/wp\/v2\/media?parent=2556"}],"curies":[{"name":"wp","href":"https:\/\/api.w.org\/{rel}","templated":true}]}}